{"id":1099,"date":"2025-07-11T11:31:49","date_gmt":"2025-07-11T09:31:49","guid":{"rendered":"http:\/\/registreac.org\/?page_id=1099"},"modified":"2025-07-11T11:31:52","modified_gmt":"2025-07-11T09:31:52","slug":"mentions-legales","status":"publish","type":"page","link":"https:\/\/registreac.org\/?page_id=1099","title":{"rendered":"Politique du site et Mentions L\u00e9gales"},"content":{"rendered":"<p><span style=\"font-size: small;\"><strong><span style=\"font-size: medium;\">Mentions L\u00e9gales<\/span><\/strong><\/span><\/p>\n<hr \/>\n<p><strong><span style=\"font-size: medium;\">Informations \u00e9diteurs<\/span><\/strong><\/p>\n<p><strong><span style=\"font-size: medium;\">R\u00e9AC<\/span><\/strong><span style=\"font-size: medium;\">\u00a0\u2013 Registre\u00a0\u00e9lectronique des Arr\u00eats Cardiaques<br \/>\nFacult\u00e9 de M\u00e9decine &#8211; p\u00f4le Recherche &#8211; ULR 2694 Metrics<br \/>\n1 place de verdun<br \/>\n59045 Lille,\u00a0<\/span><span style=\"font-size: medium;\"> France<\/span><\/p>\n<p><span style=\"font-size: medium;\">T\u00e9l\u00e9phone\u00a0+33 (0)7 81 97 89 95<\/span><\/p>\n<p><span style=\"font-size: medium;\">Fax\u00a0: 03 45 44 05 62<\/span><\/p>\n<p><strong><span style=\"font-size: medium;\">H\u00e9bergeur<\/span><\/strong><\/p>\n<p><span style=\"font-size: medium;\">Facult\u00e9 d\u2019Ing\u00e9nierie et Management de la Sant\u00e9 (ILIS)<\/span><\/p>\n<p><span style=\"font-size: medium;\">42 rue Ambroise Par\u00e9<\/span><\/p>\n<p><span style=\"font-size: medium;\">59120 Loos, France<\/span><\/p>\n<p><strong><span style=\"font-size: medium;\">Politique \u00e9ditoriale<\/span><\/strong><\/p>\n<p><span style=\"font-size: medium;\">Le site R\u00e9AC est plac\u00e9 sous la responsabilit\u00e9 \u00e9ditoriale du Pr. Pierre-Yves Gueugniaud, Chef de service du SAMU et du SMUR de Lyon, Vice-pr\u00e9sident de la Soci\u00e9t\u00e9 Fran\u00e7aise de M\u00e9decine d\u2019Urgence (SFMU), Fondateur et responsable de la coordination clinique pour R\u00e9AC.<\/span><\/p>\n<p><span style=\"font-size: small;\"><strong><span style=\"font-size: medium;\">Objectifs du recueil des donn\u00e9es<\/span><\/strong><\/span><\/p>\n<p><span style=\"font-size: medium;\">Registre \u00c9lectronique des Arr\u00eats Cardiaques<br \/>\nIl s&#8217;agit d&#8217;un registre recensant les arr\u00eats cardiaques extra-hospitaliers ayant fait l&#8217;objet d&#8217;une intervention par un service d&#8217;urgence (SMUR).<br \/>\nL&#8217;objectif est d&#8217;\u00e9tudier l&#8217;arr\u00eat cardiaque extra-hospitalier en termes d&#8217;\u00e9pid\u00e9miologie, de contexte, de prise en charge, de devenir du patient.<\/span><\/p>\n<p><span style=\"font-size: small;\"><strong><span style=\"font-size: medium;\">Dur\u00e9e de conservation des donn\u00e9es<\/span><\/strong><\/span><\/p>\n<p><em><span style=\"font-size: medium;\">Donn\u00e9e identifiante<\/span><\/em><span style=\"font-size: medium;\"> : conservation maximale de 90 jours apr\u00e8s la saisie initiale du dossier afin de permettre la saisie du devenir du patient \u00e0 J+30<\/span><\/p>\n<p><em><span style=\"font-size: medium;\">Donn\u00e9es anonymis\u00e9es<\/span><\/em><span style=\"font-size: medium;\"> :<\/span><\/p>\n<p><span style=\"font-size: medium;\">Selon l&#8217;arr\u00eat\u00e9 du 6 novembre 1995 relatif au Comit\u00e9 National des Registres, un registre est une structure qui r\u00e9alise \u00ab un recueil continu et exhaustif de donn\u00e9es nominatives int\u00e9ressant un ou plusieurs \u00e9v\u00e9nements de sant\u00e9 dans une population g\u00e9ographiquement d\u00e9finie, \u00e0 des fins de recherche et de sant\u00e9 publique, par une \u00e9quipe ayant les comp\u00e9tences appropri\u00e9es \u00bb<br \/>\nLe registre \u00e9tant une \u00e9tude prospective observationnelle visant \u00e0 \u00e9valuer l&#8217;\u00e9volution dans le temps de la th\u00e9matique, il n&#8217;y a pas, comme dans la plupart des registres \u00e9pid\u00e9miologiques,\u00a0 de limite de dur\u00e9e de conservation des donn\u00e9es anonymis\u00e9es.<\/span><\/p>\n<p>Les donn\u00e9es extraites du registre pour des \u00e9tudes sp\u00e9cifiques r\u00e9pondant aux objectifs du registre sont conserv\u00e9es deux ans apr\u00e8s publication scientifique des r\u00e9sultats de l&#8217;\u00e9tude.<\/p>\n<div id=\"attachment_4383\" style=\"width: 970px\" class=\"wp-caption alignnone\"><a href=\"https:\/\/registreac.org\/wp-content\/uploads\/2025\/06\/anonymisation_ReAC-3.png\"><img aria-describedby=\"caption-attachment-4383\" decoding=\"async\" loading=\"lazy\" class=\"size-full wp-image-4383\" src=\"https:\/\/registreac.org\/wp-content\/uploads\/2025\/06\/anonymisation_ReAC-3.png\" alt=\"Sch\u00e9ma d'anonymisation R\u00e9AC\" width=\"960\" height=\"720\" srcset=\"https:\/\/registreac.org\/wp-content\/uploads\/2025\/06\/anonymisation_ReAC-3.png 960w, https:\/\/registreac.org\/wp-content\/uploads\/2025\/06\/anonymisation_ReAC-3-300x225.png 300w, https:\/\/registreac.org\/wp-content\/uploads\/2025\/06\/anonymisation_ReAC-3-768x576.png 768w\" sizes=\"(max-width: 960px) 100vw, 960px\" \/><\/a><p id=\"caption-attachment-4383\" class=\"wp-caption-text\">Sch\u00e9ma d&#8217;anonymisation R\u00e9AC<\/p><\/div>\n<p><a href=\"https:\/\/registreac.org\/wp-content\/uploads\/2025\/06\/suppression_comptes_ReAC-1.png\">\u00a0<\/a><\/p>\n<div id=\"attachment_4439\" style=\"width: 970px\" class=\"wp-caption aligncenter\"><img aria-describedby=\"caption-attachment-4439\" decoding=\"async\" loading=\"lazy\" class=\"wp-image-4439 size-full\" src=\"https:\/\/registreac.org\/wp-content\/uploads\/2025\/07\/expiration_comptes_ReAC_2025-07-04.png\" alt=\"Conditions de suppression des comptes R\u00e9AC\" width=\"960\" height=\"720\" srcset=\"https:\/\/registreac.org\/wp-content\/uploads\/2025\/07\/expiration_comptes_ReAC_2025-07-04.png 960w, https:\/\/registreac.org\/wp-content\/uploads\/2025\/07\/expiration_comptes_ReAC_2025-07-04-300x225.png 300w, https:\/\/registreac.org\/wp-content\/uploads\/2025\/07\/expiration_comptes_ReAC_2025-07-04-768x576.png 768w\" sizes=\"(max-width: 960px) 100vw, 960px\" \/><p id=\"caption-attachment-4439\" class=\"wp-caption-text\">Sch\u00e9ma des conditions de suppression des comptes R\u00e9AC<\/p><\/div>\n<p><strong><span style=\"font-size: medium;\">D\u00e9l\u00e9gu\u00e9 \u00e0 la protection des donn\u00e9es (DPO)<\/span><\/strong><\/p>\n<p><span style=\"font-size: medium;\">Pour plus d\u2019information sur les traitements de donn\u00e9es \u00e0 caract\u00e8re personnel mis en \u0153uvre par le site R\u00e9AC, vous pouvez vous adressez au responsable informatique du site :<\/span><\/p>\n<ul>\n<li><span style=\"font-size: medium;\">Nom, pr\u00e9nom : VILHELM Christian<\/span><\/li>\n<li><span style=\"font-size: medium;\"><span style=\"color: #000000;\">Adresse mail : <\/span><a href=\"mailto:christian.vilhelm@registreac.org\"><span style=\"color: #0000ff;\">christian.vilhelm@registreac.org<\/span><\/a><\/span><\/li>\n<\/ul>\n<p><span style=\"font-size: medium;\">et\/ou au D\u00e9l\u00e9gu\u00e9 \u00e0 la Protection des Donn\u00e9es de l\u2019Universit\u00e9 de Lille :<\/span><\/p>\n<ul>\n<li><span style=\"font-size: medium;\">Nom, pr\u00e9nom : TESSIER Jean-Luc<\/span><\/li>\n<li><span style=\"font-size: medium;\">Adresse mail : <a href=\"mailto:dpo@univ-lille.fr\"><span style=\"color: #0000ff;\">dpo@univ-lille.fr<\/span><\/a><\/span><\/li>\n<\/ul>\n<p><strong><span style=\"font-size: medium;\">R\u00e9clamation<\/span><\/strong><\/p>\n<p><span style=\"font-size: medium;\">Vous pouvez d\u00e9poser une r\u00e9clamation aupr\u00e8s de la Commission nationale informatique et libert\u00e9s (Cnil) si vous estimez que vos droits n\u2019ont pas \u00e9t\u00e9 respect\u00e9s par R\u00e9AC. Nous vous conseillons toutefois d&#8217;entrer en contact pr\u00e9alablement avec le DPO de l&#8217;Universit\u00e9 de Lille et\/ou avec le responsable informatique de R\u00e9AC, qui est \u00e0 votre disposition \u00e0 ce sujet.<\/span><\/p>\n<p><strong><span style=\"font-size: medium;\">Transfert des donn\u00e9es vers un pays hors Union europ\u00e9enne<\/span><\/strong><\/p>\n<p><span style=\"font-size: medium;\">Aucune donn\u00e9e identifiante n&#8217;est transmise en dehors de l&#8217;Union Europ\u00e9enne.<\/span><\/p>\n<p><strong><span style=\"font-size: medium;\">Droit de limitation et droit d&#8217;opposition<\/span><\/strong><\/p>\n<p><span style=\"font-size: medium;\">Lors de l&#8217;intervention SMUR, la personne concern\u00e9e peut s&#8217;opposer \u00e0 la collecte des donn\u00e9es. Dans ce cas, les informations de la fiche d&#8217;intervention (CRF) ne sont pas saisies dans le serveur R\u00e9AC par le eCRF.<\/span><\/p>\n<p>Apr\u00e8s l&#8217;intervention, un formulaire de contact est fourni sur le site public de R\u00e9AC (<a href=\"https:\/\/registreac.org\/\">https:\/\/registreac.org<\/a>), le contact est trait\u00e9 manuellement par un attach\u00e9 de recherche clinique afin d&#8217;apporter la r\u00e9ponse la plus pertinence \u00e0 la personne concern\u00e9e.<br \/>\nCe droit d&#8217;acc\u00e8s n&#8217;est cependant possible que pendant la p\u00e9riode de conservation des donn\u00e9es nominatives, au del\u00e0, il n&#8217;est plus possible d&#8217;identifier les donn\u00e9es de la personne concern\u00e9e.<\/p>\n<p><strong><span style=\"font-size: medium;\">Responsabilit\u00e9<\/span><\/strong><\/p>\n<p><span style=\"font-size: medium;\">La fiabilit\u00e9 des donn\u00e9es est essentielle dans des registres de donn\u00e9es m\u00e9dicales. C&#8217;est pourquoi la base de donn\u00e9es fait l&#8217;objet d&#8217;un contr\u00f4le qualit\u00e9 r\u00e9alis\u00e9 sur deux niveaux :<\/span><\/p>\n<ul>\n<li><span style=\"font-size: medium;\">Un contr\u00f4le automatique des donn\u00e9es<\/span><\/li>\n<li><span style=\"font-size: medium;\">Un contr\u00f4le manuel des dossiers<\/span><\/li>\n<\/ul>\n<p><strong><span style=\"font-size: medium;\">Responsable du traitement<\/span><\/strong><\/p>\n<p><span style=\"font-size: medium;\">Responsable du traitement : Pr Herv\u00e9 Hubert, pr\u00e9sident du registre, EA2694, Universit\u00e9 de Lille<br \/>\nAucun sous-traitant<\/span><\/p>\n<p><strong><span style=\"font-size: medium;\">Finalit\u00e9s du traitement<\/span><\/strong><\/p>\n<p><span style=\"font-size: medium;\">L&#8217;ensemble des traitements envisag\u00e9s font l&#8217;objet d&#8217;une \u00e9tude par le conseil scientifique de R\u00e9AC qui v\u00e9rifie la pertinence et la l\u00e9gitimit\u00e9 des traitements envisag\u00e9s, de l&#8217;extraction \u00e0 la publication scientifique.<\/span><\/p>\n<p><strong><span style=\"font-size: medium;\">Information des personnes concern\u00e9es \u00e0 propos du traitement<\/span><\/strong><\/p>\n<p><span style=\"font-size: medium;\">Une lettre d&#8217;information est fournie \u00e0 la famille si elle est pr\u00e9sente, ou \u00e0 post\u00e9riori aupr\u00e8s du patient si il survit sans s\u00e9quelle neurologique, conform\u00e9ment aux remarques du CCTIRS (Comit\u00e9 consultatif sur le traitement de l&#8217;information en mati\u00e8re de recherche).<\/span><\/p>\n<p><a href=\"https:\/\/registreac.org\/wp-content\/uploads\/2025\/06\/Lettre_information_ReAC_2025.pdf\" target=\"_blank\" rel=\"attachment noopener wp-att-4404\">Lettre d&#8217;information patient<\/a>.<\/p>\n<p><strong><span style=\"font-size: medium;\">Droit de rectification et droit \u00e0 l&#8217;effacement (droit \u00e0 l&#8217;oubli)<\/span><\/strong><\/p>\n<p><span style=\"font-size: medium;\">Un formulaire de contact est fourni sur le site public de R\u00e9AC (<a href=\"https:\/\/registreac.org\/\">https:\/\/registreac.org<\/a>), le contact est trait\u00e9 manuellement par un attach\u00e9 de recherche clinique afin d&#8217;apporter la r\u00e9ponse la plus pertinence \u00e0 la personne concern\u00e9e.<br \/>\nCe droit d&#8217;acc\u00e8s n&#8217;est cependant possible que pendant la p\u00e9riode de conservation des donn\u00e9es nominatives, au del\u00e0, il n&#8217;est plus possible d&#8217;identifier les donn\u00e9es de la personne concern\u00e9e.<\/span><\/p>\n<p><strong><span style=\"font-size: medium;\">Liens hypertextes<\/span><\/strong><\/p>\n<p><span style=\"font-size: medium;\">Autant que possible un lien HTML est donn\u00e9 vers les sources. Le Registre Electronique des Arr\u00eats Cardiaques n\u2019est en aucun cas tenu responsable du contenu ainsi que des produits ou services pr\u00e9sent\u00e9s sur ces sites.<\/span><\/p>\n<p><strong><span style=\"font-size: medium;\">Objectivit\u00e9<\/span><\/strong><\/p>\n<p><span style=\"font-size: medium;\">Le site R\u00e9AC ne d\u00e9fend aucune th\u00e9rapeutique ou type de prise en charge. Il ne comporte aucune activit\u00e9 commerciale ou payante.<\/span><\/p>\n<p><span style=\"font-size: medium;\">Si le Registre Electronique des Arr\u00eats Cardiaque est amen\u00e9 \u00e0 pr\u00e9coniser une th\u00e9rapeutique ou une prise en charge, toutes les assertions seront soutenues par des r\u00e9sultats d\u2019\u00e9tudes scientifiques, des articles publi\u00e9s ou sur la base d\u2019analyse statistiques issues de notre registre.<\/span><\/p>\n<p><strong><span style=\"font-size: medium;\">Pr\u00e9sentation des conflits d\u2019int\u00e9r\u00eats<\/span><\/strong><\/p>\n<p><span style=\"font-size: medium;\">Si certains acteurs participants au projet R\u00e9AC pr\u00e9sentent des conflits d\u2019int\u00e9r\u00eats, ceux-ci seront \u00e9nonc\u00e9s.<\/span><\/p>\n<p><strong><span style=\"font-size: medium;\">Financement<\/span><\/strong><\/p>\n<p><span style=\"font-size: medium;\">Les financements sont issu de <a href=\"http:\/\/registreac.org\/?page_id=2762\" target=\"_blank\" rel=\"noopener noreferrer\">nos partenaires<\/a>.<\/span><\/p>\n<p><strong><span style=\"font-size: medium;\">Politique publicitaire<\/span><\/strong><\/p>\n<p><span style=\"font-size: medium;\">Aucune publicit\u00e9 n&#8217;est pr\u00e9sente sur le site R\u00e9AC, celui-ci n&#8217;accepte et ne re\u00e7oit pas de fond publicitaire. Il ne fait \u00e9galement parti d&#8217;aucun r\u00e9seau d&#8217;\u00e9changes de banni\u00e8res.<\/span><\/p>\n<p><strong><span style=\"font-size: medium;\">Accessibilit\u00e9 de l\u2019information \u2013 Contact<\/span><\/strong><\/p>\n<p><span style=\"font-size: medium;\">Un\u00a0<a href=\"http:\/\/registreac.org\/?page_id=2767\" target=\"_blank\" rel=\"noopener noreferrer\">formulaire de contact<\/a>\u00a0est accessible depuis toutes les pages.<\/span><\/p>\n","protected":false},"excerpt":{"rendered":"<p>Mentions L\u00e9gales Informations \u00e9diteurs R\u00e9AC\u00a0\u2013 Registre\u00a0\u00e9lectronique des Arr\u00eats Cardiaques Facult\u00e9 de M\u00e9decine &#8211; p\u00f4le Recherche &#8211; ULR 2694 Metrics 1 place de verdun 59045 Lille,\u00a0 France T\u00e9l\u00e9phone\u00a0+33 (0)7 81 97 89 95 Fax\u00a0: 03 45 44 05 62 H\u00e9bergeur Facult\u00e9 d\u2019Ing\u00e9nierie et Management de la Sant\u00e9 (ILIS) 42 rue Ambroise Par\u00e9 59120 Loos, France Politique [&hellip;]<\/p>\n","protected":false},"author":323,"featured_media":0,"parent":0,"menu_order":0,"comment_status":"closed","ping_status":"closed","template":"","meta":{"footnotes":""},"_links":{"self":[{"href":"https:\/\/registreac.org\/index.php?rest_route=\/wp\/v2\/pages\/1099"}],"collection":[{"href":"https:\/\/registreac.org\/index.php?rest_route=\/wp\/v2\/pages"}],"about":[{"href":"https:\/\/registreac.org\/index.php?rest_route=\/wp\/v2\/types\/page"}],"author":[{"embeddable":true,"href":"https:\/\/registreac.org\/index.php?rest_route=\/wp\/v2\/users\/323"}],"replies":[{"embeddable":true,"href":"https:\/\/registreac.org\/index.php?rest_route=%2Fwp%2Fv2%2Fcomments&post=1099"}],"version-history":[{"count":34,"href":"https:\/\/registreac.org\/index.php?rest_route=\/wp\/v2\/pages\/1099\/revisions"}],"predecessor-version":[{"id":4440,"href":"https:\/\/registreac.org\/index.php?rest_route=\/wp\/v2\/pages\/1099\/revisions\/4440"}],"wp:attachment":[{"href":"https:\/\/registreac.org\/index.php?rest_route=%2Fwp%2Fv2%2Fmedia&parent=1099"}],"curies":[{"name":"wp","href":"https:\/\/api.w.org\/{rel}","templated":true}]}}