{"id":1604,"date":"2012-04-03T16:13:45","date_gmt":"2012-04-03T14:13:45","guid":{"rendered":"http:\/\/registreac.org\/?page_id=1604"},"modified":"2012-06-14T14:53:52","modified_gmt":"2012-06-14T12:53:52","slug":"biographie-du-pr-herve-hubert","status":"publish","type":"page","link":"https:\/\/registreac.org\/?page_id=1604","title":{"rendered":"Biographie du Pr Herv\u00e9 Hubert"},"content":{"rendered":"<p style=\"text-align: center;\"><img decoding=\"async\" loading=\"lazy\" class=\"aligncenter size-full wp-image-1416\" title=\"Pr Herv\u00e9 Hubert\" src=\"\/wp-content\/uploads\/2012\/02\/herve_redimensionne.png\" alt=\"Pr Herv\u00e9 Hubert\" width=\"92\" height=\"113\" \/><\/p>\n<p style=\"text-align: center;\"><span style=\"font-family: verdana,geneva;\">Le <strong>Pr Herv\u00e9 Hubert<\/strong> est n\u00e9 en 1969 \u00e0 Marseille.<\/span><\/p>\n<p>&nbsp;<\/p>\n<p><span style=\"font-family: verdana,geneva;\">Il a r\u00e9alis\u00e9 l\u2019ensemble de son parcours scolaire et universitaire dans le Nord-Pas de Calais.<\/span><\/p>\n<p><span style=\"font-family: verdana,geneva;\">Il est aujourd\u2019hui professeur des universit\u00e9s \u00e0 la facult\u00e9 d\u2019Ing\u00e9nierie et de Management de la Sant\u00e9 de l\u2019Universit\u00e9 de Lille 2 (ILIS) o\u00f9 il est assesseur charg\u00e9 de la recherche et responsable du Master de management des risques et du Master de logistique hospitali\u00e8re.<\/span><\/p>\n<p>&nbsp;<\/p>\n<p><span style=\"font-family: verdana,geneva;\">Membre du laboratoire de sant\u00e9 publique Lille (EA 2694), ses enseignements et ses recherches portent sur l&#8217;\u00e9valuation m\u00e9dico-\u00e9conomique, l&#8217;optimisation des prises en charge et l\u2019am\u00e9lioration de la qualit\u00e9 des soins. Son domaine d\u2019application est globalement le secteur hospitalier et plus sp\u00e9cifiquement celui des urgences m\u00e9dicales et des soins intensifs.<\/span><\/p>\n<p>&nbsp;<\/p>\n<p><span style=\"font-family: verdana,geneva;\"><strong>Aujourd\u2019hui, il coordonne\u00a0:<\/strong>\u00a0<\/span><\/p>\n<p>&nbsp;<\/p>\n<p>&nbsp;<\/p>\n<table style=\"width: 100%;\" border=\"0\">\n<tbody>\n<tr>\n<td colspan=\"2\"><span style=\"font-size: small; color: #185c7a;\"><strong>Le projet R\u00e9AC :<\/strong><\/span><\/p>\n<p>&nbsp;<\/td>\n<\/tr>\n<tr>\n<td><span><strong><img decoding=\"async\" loading=\"lazy\" class=\"aligncenter  wp-image-1645\" style=\"margin-top: 10px;\" title=\"R\u00e9AC\" src=\"\/wp-content\/uploads\/2012\/04\/Logo-e1333470160825.png\" alt=\"R\u00e9AC\" width=\"100\" height=\"42\" \/><\/strong><\/span><\/td>\n<td>\n<blockquote><p>&nbsp;<\/p>\n<p><span style=\"font-size: small;\">Le Registre \u00e9lectronique des Arr\u00eats Cardiaques, inaugur\u00e9 le 24 juin 2011.<br \/>\n<\/span><br \/>\n&nbsp;\n<\/p><\/blockquote>\n<\/td>\n<\/tr>\n<tr>\n<td colspan=\"2\">&nbsp;<\/p>\n<p><span style=\"color: #185c7a; font-size: small;\"><strong>Le projet Lerudi :<\/strong><\/span><\/p>\n<p>&nbsp;<\/td>\n<\/tr>\n<tr>\n<td>\n<p style=\"text-align: center;\"><span><img decoding=\"async\" loading=\"lazy\" class=\"aligncenter size-full wp-image-1644\" style=\"margin-top: 10px;\" title=\"Lerudi\" src=\"\/wp-content\/uploads\/2012\/04\/ASIP_Lerudi_s1-e1333469027144.jpg\" alt=\"Lerudi\" width=\"100\" height=\"53\" \/><\/span><\/p>\n<\/td>\n<td>\n<blockquote><p><span style=\"font-size: small;\"><strong>&nbsp;<br \/>\nLecture Rapide en Urgence du Dossier Informatis\u00e9 du Patient<\/strong>,qui est un projet de Recherche et D\u00e9veloppement dont la finalit\u00e9 est de construire un logiciel capable d\u2019identifier rapidement l\u2019information contenue dans des documents m\u00e9dicaux, importante \u00e0 conna\u00eetre pour am\u00e9liorer la qualit\u00e9 de la prise en charge d\u2019un patient aux urgences, en collaboration avec l\u2019ASIP sant\u00e9.<\/span><br \/>\n&nbsp;\n<\/p><\/blockquote>\n<\/td>\n<\/tr>\n<\/tbody>\n<\/table>\n<p>&nbsp;<br \/>\n<span style=\"font-family: verdana,geneva;\">Il est l&#8217;organisateur de la premi\u00e8re Journ\u00e9e internationale de logistique hospitali\u00e8re et d\u2019optimisation en sant\u00e9 \u00e0 Sousse (Tunisie, 2009).<\/span><\/p>\n<p><span style=\"font-family: verdana,geneva;\">Le Pr Herv\u00e9 Hubert a publi\u00e9 et a supervis\u00e9 un grand nombre de publications dans le domaine de l&#8217;\u00e9valuation m\u00e9dico-\u00e9conomique et de l&#8217;optimisation des soins.<\/span><\/p>\n<p>&nbsp;<\/p>\n","protected":false},"excerpt":{"rendered":"<p>Le Pr Herv\u00e9 Hubert est n\u00e9 en 1969 \u00e0 Marseille. &nbsp; Il a r\u00e9alis\u00e9 l\u2019ensemble de son parcours scolaire et universitaire dans le Nord-Pas de Calais. Il est aujourd\u2019hui professeur des universit\u00e9s \u00e0 la facult\u00e9 d\u2019Ing\u00e9nierie et de Management de la Sant\u00e9 de l\u2019Universit\u00e9 de Lille 2 (ILIS) o\u00f9 il est assesseur charg\u00e9 de la [&hellip;]<\/p>\n","protected":false},"author":323,"featured_media":0,"parent":0,"menu_order":0,"comment_status":"closed","ping_status":"open","template":"","meta":{"footnotes":""},"_links":{"self":[{"href":"https:\/\/registreac.org\/index.php?rest_route=\/wp\/v2\/pages\/1604"}],"collection":[{"href":"https:\/\/registreac.org\/index.php?rest_route=\/wp\/v2\/pages"}],"about":[{"href":"https:\/\/registreac.org\/index.php?rest_route=\/wp\/v2\/types\/page"}],"author":[{"embeddable":true,"href":"https:\/\/registreac.org\/index.php?rest_route=\/wp\/v2\/users\/323"}],"replies":[{"embeddable":true,"href":"https:\/\/registreac.org\/index.php?rest_route=%2Fwp%2Fv2%2Fcomments&post=1604"}],"version-history":[{"count":20,"href":"https:\/\/registreac.org\/index.php?rest_route=\/wp\/v2\/pages\/1604\/revisions"}],"predecessor-version":[{"id":1624,"href":"https:\/\/registreac.org\/index.php?rest_route=\/wp\/v2\/pages\/1604\/revisions\/1624"}],"wp:attachment":[{"href":"https:\/\/registreac.org\/index.php?rest_route=%2Fwp%2Fv2%2Fmedia&parent=1604"}],"curies":[{"name":"wp","href":"https:\/\/api.w.org\/{rel}","templated":true}]}}