{"id":1611,"date":"2012-04-03T16:18:00","date_gmt":"2012-04-03T14:18:00","guid":{"rendered":"http:\/\/registreac.org\/?page_id=1611"},"modified":"2015-06-04T10:55:20","modified_gmt":"2015-06-04T08:55:20","slug":"biographie-du-pr-pierre-yves-gueugniaud","status":"publish","type":"page","link":"https:\/\/registreac.org\/?page_id=1611","title":{"rendered":"Biographie du Pr Pierre-Yves Gueugniaud"},"content":{"rendered":"<p><img decoding=\"async\" loading=\"lazy\" src=\"http:\/\/registreac.org\/wp-content\/uploads\/2012\/04\/Pierre-Yves_Gueugniaud.jpg\" alt=\"Pr Pierre Yves Gueugniaud\" title=\"Pr Pierre Yves Gueugniaud\" width=\"83\" height=\"110\" class=\"aligncenter size-full wp-image-2593\" \/><\/p>\n<p>&nbsp;<\/p>\n<p style=\"text-align: center;\">Le <strong>Pr Pierre-Yves Gueugniaud<\/strong> est n\u00e9 en 1954 \u00e0 Oullins (69600).<\/p>\n<p>&nbsp;<\/p>\n<p>En 1981, il \u00e9crit une th\u00e8se de m\u00e9decine sur la r\u00e9gulation m\u00e9dicale \u00e0 SOS Lyon-M\u00e9decins.<\/p>\n<p>En 1986, il passe son DES d&#8217;Anesth\u00e9sie-R\u00e9animation, et devient en 1987 chef de Clinique au SAMU de Lyon.<\/p>\n<p style=\"text-align: left;\">En 1988, il sort sa 1<sup>\u00e8re<\/sup> publication internationale sur l&#8217;arr\u00eat cardiaque (<em>The Lancet<\/em>). Il est habilit\u00e9 \u00e0 diriger \u00a0des Recherches en 1992 et devient Ma\u00eetre de Conf\u00e9rences des Universit\u00e9s en 1993.<\/p>\n<p>&nbsp;<\/p>\n<p>&nbsp;<\/p>\n<table border=\"0\" width=\"100%\" height=\"100%\">\n<tbody>\n<tr>\n<td colspan=\"2\">\n<p><span style=\"font-size: medium;\"><strong><a href=\"http:\/\/www.sfar.org\/accueil\/\" target=\"_blank\">Soci\u00e9t\u00e9 Fran\u00e7aise d&#8217;Anesth\u00e9sie R\u00e9animation<\/a> : <\/strong><\/span><\/td>\n<\/tr>\n<tr>\n<td><a href=\"http:\/\/www.sfar.org\/accueil\/\" target=\"_blank\"><img decoding=\"async\" loading=\"lazy\" class=\"aligncenter size-full wp-image-1672\" title=\"SFAR \" src=\"\/wp-content\/uploads\/2012\/04\/SFAR-sans-texte-e1333619825588.png\" alt=\"SFAR\" width=\"100\" height=\"36\" \/><\/a><\/td>\n<td>\n<blockquote>\n<ul>\n<li><span style=\"font-size: small;\">En  1996, il devient membre du Comit\u00e9 Scientifique de la Soci\u00e9t\u00e9  Fran\u00e7aise  d&#8217;Anesth\u00e9sie et R\u00e9animation (SFAR). En 2007, il devient pr\u00e9sident  du  Comit\u00e9 des Urgences de la SFAR.<\/span><\/li>\n<\/ul>\n<p>&nbsp;<\/p>\n<ul>\n<li><span style=\"font-size: small;\">En 1998, il r\u00e9dige une th\u00e8se de Doctorat en Sciences \u00e0 l&#8217;Universit\u00e9 Claude Bernard \u2013 Lyon 1, publie sa 1<sup>\u00e8re<\/sup> publication dans le <em>New England Journal of Medicine<\/em> sur l\u2019arr\u00eat cardiaque et devient professeur des Universit\u00e9s.<\/span><\/li>\n<\/ul>\n<p>&nbsp;<\/p><\/blockquote>\n<\/td>\n<\/tr>\n<tr>\n<td colspan=\"2\">\n&nbsp;<br \/>\n<span style=\"font-size: medium;\"><strong><a title=\"CFRC\" href=\"http:\/\/www.cfrc.fr\/\" target=\"_blank\">Conseil Fran\u00e7ais de R\u00e9animation Cardio-Pulmonaire<br \/>\n<\/a><\/strong><\/span><br \/>\n&nbsp;\n<\/td>\n<\/tr>\n<tr>\n<td><a href=\"http:\/\/www.cfrc.fr\" target=\"_blank\"><img decoding=\"async\" class=\"aligncenter size-full wp-image-1663\" title=\"CFRC\" src=\"\/wp-content\/uploads\/2012\/04\/CFRC-simple-transparent-e1333615720715.png\" alt=\"CFRC\" width=\"100px\" height=\"100px\" \/><\/a><\/td>\n<td>\n<blockquote>\n<ul style=\"list-style-type: square;\">\n<li><span style=\"font-size: small;\">Il est depuis 2004 Vice-Pr\u00e9sident du Conseil Fran\u00e7ais de R\u00e9animation Cardio-Pulmonaire (CFRC).<\/span><\/li>\n<\/ul>\n<p>&nbsp;<\/p>\n<ul style=\"list-style-type: square;\">\n<li>\n<p style=\"text-align: left;\"><span style=\"font-size: small;\"><strong> <\/strong><\/span><\/p>\n<p><span style=\"font-size: small;\">Sa 2<sup>e<\/sup> publication dans le <em>New England Journal of Medicine<\/em> sur l\u2019arr\u00eat cardiaque sort en 2008.<\/span><\/li>\n<\/ul>\n<p>&nbsp;<\/p>\n<ul style=\"list-style-type: square;\">\n<li><span style=\"font-size: small;\">Depuis lors, il est Chef du P\u00f4le \u00ab Urgences et R\u00e9animation M\u00e9dicales \u2013 SAMU \u00bb du Groupement Hospitalier Edouard Herriot.<\/span><\/li>\n<\/ul>\n<\/blockquote>\n<\/td>\n<\/tr>\n<tr>\n<td colspan=\"2\">\n&nbsp;<br \/>\n<span style=\"font-size: medium;\"><strong>Soci\u00e9t\u00e9 Fran\u00e7aise de M\u00e9decine d&#8217;Urgence : <\/strong><\/span><\/td>\n<\/tr>\n<tr>\n<td>\n<p style=\"text-align: left;\"><strong><img decoding=\"async\" loading=\"lazy\" class=\"aligncenter size-full wp-image-1661\" title=\"SFMU\" src=\"http:\/\/registreac.org\/wp-content\/uploads\/2012\/04\/sfmu-transparent-e1333551613568.png\" alt=\"SFMU\" width=\"100\" height=\"86\" \/><\/strong><\/p>\n<\/td>\n<td>\n<blockquote>\n<ul style=\"list-style-type: square;\">\n<li><span style=\"font-size: small;\">Depuis 2009, il est administrateur de la Soci\u00e9t\u00e9 Fran\u00e7aise de M\u00e9decine d&#8217;Urgence (SFMU). Il en devient le Vice-Pr\u00e9sident en 2011.<\/span><\/li>\n<\/ul>\n<p>&nbsp;<\/p>\n<ul style=\"list-style-type: square;\">\n<li><span style=\"font-size: small;\">Depuis juin 2011, il travaille \u00e0 la mise en place et \u00e0 la coordination du  Registre \u00e9lectronique National sur l\u2019arr\u00eat Cardiaque (R\u00e9AC).<\/span><\/li>\n<\/ul>\n<p>&nbsp;<\/p>\n<ul style=\"list-style-type: square;\">\n<li><span style=\"font-size: small;\">Depuis 2014, il est le pr\u00e9sident de la SFMU.<\/span><\/li>\n<\/ul>\n<\/blockquote>\n<\/td>\n<\/tr>\n<\/tbody>\n<\/table>\n<p style=\"text-align: left;\">&nbsp;<\/p>\n<p>&nbsp;<\/p>\n<p style=\"text-align: left;\"><strong> <\/strong><\/p>\n","protected":false},"excerpt":{"rendered":"<p>&nbsp; Le Pr Pierre-Yves Gueugniaud est n\u00e9 en 1954 \u00e0 Oullins (69600). &nbsp; En 1981, il \u00e9crit une th\u00e8se de m\u00e9decine sur la r\u00e9gulation m\u00e9dicale \u00e0 SOS Lyon-M\u00e9decins. En 1986, il passe son DES d&#8217;Anesth\u00e9sie-R\u00e9animation, et devient en 1987 chef de Clinique au SAMU de Lyon. En 1988, il sort sa 1\u00e8re publication internationale sur [&hellip;]<\/p>\n","protected":false},"author":323,"featured_media":0,"parent":0,"menu_order":0,"comment_status":"closed","ping_status":"open","template":"","meta":{"footnotes":""},"_links":{"self":[{"href":"https:\/\/registreac.org\/index.php?rest_route=\/wp\/v2\/pages\/1611"}],"collection":[{"href":"https:\/\/registreac.org\/index.php?rest_route=\/wp\/v2\/pages"}],"about":[{"href":"https:\/\/registreac.org\/index.php?rest_route=\/wp\/v2\/types\/page"}],"author":[{"embeddable":true,"href":"https:\/\/registreac.org\/index.php?rest_route=\/wp\/v2\/users\/323"}],"replies":[{"embeddable":true,"href":"https:\/\/registreac.org\/index.php?rest_route=%2Fwp%2Fv2%2Fcomments&post=1611"}],"version-history":[{"count":23,"href":"https:\/\/registreac.org\/index.php?rest_route=\/wp\/v2\/pages\/1611\/revisions"}],"predecessor-version":[{"id":1626,"href":"https:\/\/registreac.org\/index.php?rest_route=\/wp\/v2\/pages\/1611\/revisions\/1626"}],"wp:attachment":[{"href":"https:\/\/registreac.org\/index.php?rest_route=%2Fwp%2Fv2%2Fmedia&parent=1611"}],"curies":[{"name":"wp","href":"https:\/\/api.w.org\/{rel}","templated":true}]}}