{"id":1940,"date":"2012-07-18T15:19:03","date_gmt":"2012-07-18T13:19:03","guid":{"rendered":"http:\/\/registreac.org\/?page_id=1940"},"modified":"2012-07-27T12:16:40","modified_gmt":"2012-07-27T10:16:40","slug":"faq","status":"publish","type":"page","link":"https:\/\/registreac.org\/?page_id=1940","title":{"rendered":"FAQ"},"content":{"rendered":"<br \/>\n<style type=\"text\/css\">\n\t.FAQ_titre {\n\t    color: #fffbf0;\n\t\tfont-weight:bold;\n\t\tfont-size:25px;\n\t    background-color: #1b2e49 ;\n\t\ttext-align:center;\n\t\tborder-radius:15px;\n\t\t}\n\t.FAQ_indications {<\/p>\n<p>\t\tcolor:black;\n\t\t}\n\t.FAQ_categorie {<\/p>\n<p>\t\tbackground-color:#1b2e49;\n\t\tcolor:#fffbf0;\n\t\tfont-weight:bold;\n\t\t}\n\t.FAQ_questions {<\/p>\n<p>\t\ttext-indent:20px;\n\t\tborder-radius:15px;\n\t\tborder-color:#1b2e49;<\/p>\n<p>\t\tcolor:black;\n\t\t}\n\t.FAQ_question {<\/p>\n<p>\t\tmargin-left: 20px;\n\t\tfont-weight:bold;\t\t\n\t\tborder-color:#1b2e49;\n\t\ttext-decoration:underline;\n\t\tcolor:#1b2e49;\n\t\t}\n\t.FAQ_reponse {\n\t    display:block;<\/p>\n<p>\t\ttext-decoration:none;\n\t\tbackground-color:white;\n\t\tcolor:#000000;\n\t\tmargin-left: 50px;\n\t\t}\n\t.FAQ_reponse:before {\t\n\t\tcontent: \"r\u00e9ponse : \";\n\t\tfont-weight:bold;\n\t}\n\t<\/style>\n<div class=\"FAQ_titre\">\n\t\t\tFoire Aux Questions R\u00e9AC\n\t\t<\/div>\n<div class=\"FAQ_indications\">\n\t\t\tRetrouvez ici toutes les questions que vous vous posez sur le projet R\u00e9AC\n\t\t<\/div>\n<p>\t\t\t<span class=\"FAQ_question\" ><br \/>\n\t\t\tMon SMUR peut-il participer ?<\/span><br \/>\n\t\t\t\t<span class=\"FAQ_reponse\" id=\"reponse_1\">Bien sur! L&#8217;inscription est possible depuis notre site internet sur la <a href=\"http:\/\/registreac.org\/?cat=39\">page &#8220;Inscription&#8221;<\/a>. Il faut savoir qu&#8217;une fois inscrit, il est n\u00e9cessaire de recenser tous les Arr\u00eats Cardiaques pris en charge par votre service.<\/span><br \/>\n\t\t\t<span class=\"FAQ_question\" >Quand se termine le projet ?<\/span><br \/>\n\t\t\t\t<span class=\"FAQ_reponse\" id=\"reponse_2\">R\u00e9AC souhaite permettre une am\u00e9lioration continue de la qualit\u00e9 de la prise en charge de l\u2019arr\u00eat cardiaque. Il n\u2019y a donc pas de fin pr\u00e9vue \u00e0 ce registre.<\/span><br \/>\n\t\t\t<span class=\"FAQ_question\" >A quoi servent les donn\u00e9es ?<\/span><br \/>\n\t\t\t\t<span class=\"FAQ_reponse\" id=\"reponse_3\">Ces donn\u00e9es serviront \u00e0 la construction de publications scientifiques ou lors de travaux de recherche. L&#8217;ad\u00e9quation entre les travaux de recherche propos\u00e9s et le projet R\u00e9AC sera \u00e9tudi\u00e9e par le conseil scientifique du registre. <\/span><br \/>\n\t\t\t<span class=\"FAQ_question\" >Comment s&#8217;inscrit-on ?<\/span><br \/>\n\t\t\t\t<span class=\"FAQ_reponse\" id=\"reponse_4\">Pour vous inscrire, c&#8217;est tr\u00e8s simple : utilisez le formulaire d&#8217;inscription disponible sur cette <a href=\"http:\/\/registreac.org\/?cat=39\">page<\/a>. Nous avons besoin d&#8217;au moins un r\u00e9f\u00e9rent pour chaque centre.<br \/>\n<\/span><br \/>\n\t\t\t<span class=\"FAQ_question\" >Les donn\u00e9es sont-elles anonymes ?<\/span><br \/>\n\t\t\t\t<span class=\"FAQ_reponse\" id=\"reponse_5\">Oui, les donn\u00e9es sont anonymis\u00e9es, pour assurer la s\u00e9curit\u00e9 des donn\u00e9es m\u00e9dicales saisies. Nous sommes d\u00e9clar\u00e9s aupr\u00e8s de la CNIL (autorisation n\u00b0910 490).<\/span><br \/>\n\t\t\t<span class=\"FAQ_question\" >Comment consulter\/r\u00e9cup\u00e9rer mes donn\u00e9es ?<\/span><br \/>\n\t\t\t\t<span class=\"FAQ_reponse\" id=\"reponse_7\">Des statistiques nationales issues des donn\u00e9es sont disponibles au grand public sur la <a href=\"http:\/\/registreac.org\/?cat=18\">page Statistiques<\/a>. En revanche les donn\u00e9es propres \u00e0 votre SMUR ne sont bien s\u00fbr consultables qu&#8217;avec un acc\u00e8s s\u00e9curis\u00e9 pour votre \u00e9quipe.<\/span><br \/>\n\t\t\t<\/p>\n<p>\t\t\t<span class=\"FAQ_question\" >Comment se passe l&#8217;\u00e9valuation des DEA?<\/span><br \/>\n\t\t\t\t<span class=\"FAQ_reponse\" id=\"reponse_9\">Nous avons int\u00e9gr\u00e9 \u00e0 notre formulaire les \u00e9l\u00e9ments demand\u00e9s par le minist\u00e8re de la Sant\u00e9. En accord avec ce dernier, nous lui transmettons les informations n\u00e9cessaires.<\/span><br \/>\n\t\t\t<\/p>\n","protected":false},"excerpt":{"rendered":"<p>Foire Aux Questions R\u00e9AC Retrouvez ici toutes les questions que vous vous posez sur le projet R\u00e9AC Mon SMUR peut-il participer ? Bien sur! L&#8217;inscription est possible depuis notre site internet sur la page &#8220;Inscription&#8221;. Il faut savoir qu&#8217;une fois inscrit, il est n\u00e9cessaire de recenser tous les Arr\u00eats Cardiaques pris en charge par votre [&hellip;]<\/p>\n","protected":false},"author":323,"featured_media":0,"parent":0,"menu_order":0,"comment_status":"closed","ping_status":"open","template":"","meta":{"footnotes":""},"_links":{"self":[{"href":"https:\/\/registreac.org\/index.php?rest_route=\/wp\/v2\/pages\/1940"}],"collection":[{"href":"https:\/\/registreac.org\/index.php?rest_route=\/wp\/v2\/pages"}],"about":[{"href":"https:\/\/registreac.org\/index.php?rest_route=\/wp\/v2\/types\/page"}],"author":[{"embeddable":true,"href":"https:\/\/registreac.org\/index.php?rest_route=\/wp\/v2\/users\/323"}],"replies":[{"embeddable":true,"href":"https:\/\/registreac.org\/index.php?rest_route=%2Fwp%2Fv2%2Fcomments&post=1940"}],"version-history":[{"count":35,"href":"https:\/\/registreac.org\/index.php?rest_route=\/wp\/v2\/pages\/1940\/revisions"}],"predecessor-version":[{"id":2015,"href":"https:\/\/registreac.org\/index.php?rest_route=\/wp\/v2\/pages\/1940\/revisions\/2015"}],"wp:attachment":[{"href":"https:\/\/registreac.org\/index.php?rest_route=%2Fwp%2Fv2%2Fmedia&parent=1940"}],"curies":[{"name":"wp","href":"https:\/\/api.w.org\/{rel}","templated":true}]}}