{"id":2791,"date":"2015-09-14T12:29:10","date_gmt":"2015-09-14T10:29:10","guid":{"rendered":"http:\/\/registreac.org\/?page_id=2791"},"modified":"2025-06-23T14:44:11","modified_gmt":"2025-06-23T12:44:11","slug":"conseil-dadministration","status":"publish","type":"page","link":"https:\/\/registreac.org\/?page_id=2791","title":{"rendered":"Conseil d&#8217;administration"},"content":{"rendered":"<div>\n<style type=\"text\/css\">\n.organigramme,a.lienOrganigramme {\n \tbox-shadow:  10px 10px 8px #555;\n\t\/*border-left:1px solid #fff;*\/\n\t\/*\n\tbackground-color:#c0c0c0;\n\tbackground-image:-webkit-linear-gradient(top left, #ff8000, #c0c0c0 );\n\tbackground-image:-moz-linear-gradient(top center, #ff8000, #c0c0c0 );\n\tbackground-image:-o-linear-gradient(top left, #ff8000, #c0c0c0 );\n\tbackground-image:linear-gradient( top, #ff8000, #c0c0c0);\n\t-ms-filter: \"progid:DXImageTransform.Microsoft.gradient(startColorstr=#c0c0c0, endColorstr=#ff8000)\";\n\tfilter:progid:DXImageTransform.Microsoft.gradient( startColorstr='#ff8000',endColorstr='#c0c0c0', GradientType=0);*\/\n\twidth:80%;\n\tborder-radius: 10px;\n\tbox-shadow: 1px 1px 12px #555;\n}\n.organigramme {\n\twidth:15em;\n\theight:15em;\n\tfont-size : 1em;\n\tcolor:#000080;\n\tbox-shadow: 1px 1px 12px #555;\n}\na.lien{\n\t\/*background-color:#ff8000;\n\tbackground-color:#ff8000;*\/\n\tfont-size : 1em;\n\tcolor:#000080;\n\ttext-decoration:underline;\n}\na.lien:link{\n\tfont-size : 1em;\n\tcolor:#000080;\n\ttext-decoration:underline;\n}\na.lienOrganigramme{\n\tfont-size : 1em;\n\tcolor:#000080;\n\ttext-decoration:none;\n}\na.lienBiblio{\n\tcolor:#000080;\n\ttext-decoration:underline;\n}\na{\n\tcolor:#000080;\n\ttext-decoration:underline;\n}\na:link{\n\ttext-decoration:underline;\n}\nh1.titreGroupe{\n\tcolor:#fffbf0;\n\tfont-size : 1.5em;\n\tbox-shadow: 1px 1px 12px #555;\n\tborder-radius: 10px;\n\tbox-shadow: 1px 1px 12px #555;\n\tbackground-color:#000000;\n}\nh2{\n\tcolor:#000080;\n\tfont-size : 1em;\n}\n#content h2 {\n    font-size: 1em;\n\tcolor:#000080;\n}\nh3{\n\tcolor:#000080;\n\tfont-size : 1em;\n\ttext-align:center;\n}\na {\n\tcolor:#334D55;\n\ttext-decoration:underline;\n}\n.titre{\n\twidth:600px;\n\theight:150px;\n\tfont-size: 2em;\n\tmargin-left:auto;\n\tmargin-right:auto;\n\tposition:relative;\n\ttop:50%;\n\tmargin-top:25px;\n\tcolor:red;\n\tfont-family: CComic Sans, Comic Sans MS, cursive;\n\ttext-align:center;\n\ttext-shadow: 0px 1px 1px #4d4d4d;\n\tcolor:red;\n\tfont: 3.5em 'LeagueGothicRegular';\n}\n<\/style>\n<p><a class=\"lien\" href=\"http:\/\/registreac.org\/?p=2806\">L&#8217;\u00e9quipe<\/a>\u00a0|\u00a0<a class=\"lien\" href=\"http:\/\/registreac.org\/?p=2791\">Le Conseil d&#8217;Administration<\/a>\u00a0|\u00a0<a class=\"lien\" href=\"http:\/\/registreac.org\/?p=2794\">Le Conseil Scientifique<\/a>\u00a0|\u00a0<a class=\"lien\" href=\"http:\/\/registreac.org\/?p=2801\">Nos membres<\/a>\u00a0|\u00a0<a class=\"lien\" href=\"http:\/\/registreac.org\/?p=3350\">Nos \u00e9tudiants<\/a><\/p>\n<div class=\"titre\">Conseil d&#8217;Administration<br \/>\nde R\u00e9AC<\/div>\n<table style=\"width: 100%;\">\n<tbody>\n<tr align=\"center\">\n<td colspan=\"2\">\n<h1 class=\"titreGroupe\">Pr\u00e9sident<\/h1>\n<\/td>\n<\/tr>\n<tr align=\"center\">\n<td>\n<table>\n<tbody>\n<tr align=\"center\">\n<td>\n<div class=\"organigramme\">\n<h3><a class=\"lienBiblio\" title=\"Biographie du Pr Herv\u00e9 Hubert\" href=\"http:\/\/registreac.org\/?page_id=1604\">Pr Herv\u00e9 Hubert<\/a><\/h3>\n<p><img decoding=\"async\" loading=\"lazy\" class=\"size-full wp-image-1420 aligncenter\" title=\"Pr Herv\u00e9 Hubert\" src=\"\/wp-content\/uploads\/2011\/05\/herve.jpg\" alt=\"\" width=\"92\" height=\"113\" \/><\/p>\n<\/div>\n<\/td>\n<\/tr>\n<\/tbody>\n<\/table>\n<\/td>\n<\/tr>\n<tr align=\"center\">\n<td colspan=\"2\">\n<h1 class=\"titreGroupe\">Secr\u00e9taire G\u00e9n\u00e9ral<\/h1>\n<\/td>\n<\/tr>\n<tr align=\"center\">\n<td>\n<table>\n<tbody>\n<tr align=\"center\">\n<td>\n<h2><\/h2>\n<div class=\"organigramme\">\n<h3>Pr Karim Tazarourte<\/h3>\n<p><img decoding=\"async\" class=\"size-full wp-image-1420 aligncenter\" title=\"Pr Karim Tazarourte\" src=\"\/wp-content\/uploads\/2014\/04\/Karim_TAZAROURTE1.png\" \/><\/p>\n<\/div>\n<\/td>\n<\/tr>\n<\/tbody>\n<\/table>\n<\/td>\n<\/tr>\n<tr align=\"center\">\n<td>\n<h1 class=\"titreGroupe\">Tr\u00e9sorier<\/h1>\n<\/td>\n<\/tr>\n<tr align=\"center\">\n<td>\n<table>\n<tbody>\n<tr align=\"center\">\n<td>\n<div class=\"organigramme\">\n<h3>Dr Christian Vilhelm<\/h3>\n<p><img decoding=\"async\" class=\"size-full wp-image-1420 aligncenter\" title=\"Dr Christian Vilhelm\" src=\"\/wp-content\/uploads\/2011\/05\/CV.jpg\" alt=\"\" \/><\/p>\n<\/div>\n<\/td>\n<\/tr>\n<\/tbody>\n<\/table>\n<\/td>\n<\/tr>\n<tr>\n<td><\/td>\n<\/tr>\n<tr align=\"center\">\n<td>\n<h1 class=\"titreGroupe\">Membres (par ordre alphab\u00e9tique)<\/h1>\n<\/td>\n<\/tr>\n<tr align=\"center\">\n<td>\n<table style=\"width: 82.0048%; height: 529px;\">\n<tbody>\n<tr align=\"center\">\n<td width=\"25%\">\n<h2><\/h2>\n<div class=\"organigramme\">\n<h3>Dr Fr\u00e9d\u00e9ric Adnet<\/h3>\n<\/div>\n<\/td>\n<td width=\"25%\">\n<h2><\/h2>\n<div class=\"organigramme\">\n<h3>Dr Valentine Baert<\/h3>\n<\/div>\n<\/td>\n<td width=\"25%\">\n<h2><\/h2>\n<div class=\"organigramme\">\n<h3>Dr Pascal Cassan<\/h3>\n<\/div>\n<\/td>\n<td width=\"25%\">\n<h2><\/h2>\n<div class=\"organigramme\">\n<h3>Dr Guillaume Debaty<\/h3>\n<\/div>\n<\/td>\n<\/tr>\n<tr align=\"center\">\n<td width=\"25%\">\n<div class=\"organigramme\">\n<h3>Dr Carlos Elkhoury<\/h3>\n<\/div>\n<\/td>\n<td width=\"25%\">\n<div class=\"organigramme\">\n<h3>Dr Fran\u00e7ois Javaudin<\/h3>\n<\/div>\n<\/td>\n<td width=\"25%\">\n<div class=\"organigramme\">\n<h3>Dr Steven Lagadec<\/h3>\n<\/div>\n<\/td>\n<td width=\"25%\">\n<div class=\"organigramme\">\n<h3>Dr St\u00e9phane Leteurtre<\/h3>\n<\/div>\n<\/td>\n<\/tr>\n<\/tbody>\n<\/table>\n<\/td>\n<\/tr>\n<\/tbody>\n<\/table>\n<\/div>\n","protected":false},"excerpt":{"rendered":"<p>L&#8217;\u00e9quipe\u00a0|\u00a0Le Conseil d&#8217;Administration\u00a0|\u00a0Le Conseil Scientifique\u00a0|\u00a0Nos membres\u00a0|\u00a0Nos \u00e9tudiants Conseil d&#8217;Administration de R\u00e9AC Pr\u00e9sident Pr Herv\u00e9 Hubert Secr\u00e9taire G\u00e9n\u00e9ral Pr Karim Tazarourte Tr\u00e9sorier Dr Christian Vilhelm Membres (par ordre alphab\u00e9tique) Dr Fr\u00e9d\u00e9ric Adnet Dr Valentine Baert Dr Pascal Cassan Dr Guillaume Debaty Dr Carlos Elkhoury Dr Fran\u00e7ois Javaudin Dr Steven Lagadec Dr St\u00e9phane Leteurtre<\/p>\n","protected":false},"author":323,"featured_media":0,"parent":0,"menu_order":0,"comment_status":"closed","ping_status":"closed","template":"","meta":{"footnotes":""},"_links":{"self":[{"href":"https:\/\/registreac.org\/index.php?rest_route=\/wp\/v2\/pages\/2791"}],"collection":[{"href":"https:\/\/registreac.org\/index.php?rest_route=\/wp\/v2\/pages"}],"about":[{"href":"https:\/\/registreac.org\/index.php?rest_route=\/wp\/v2\/types\/page"}],"author":[{"embeddable":true,"href":"https:\/\/registreac.org\/index.php?rest_route=\/wp\/v2\/users\/323"}],"replies":[{"embeddable":true,"href":"https:\/\/registreac.org\/index.php?rest_route=%2Fwp%2Fv2%2Fcomments&post=2791"}],"version-history":[{"count":21,"href":"https:\/\/registreac.org\/index.php?rest_route=\/wp\/v2\/pages\/2791\/revisions"}],"predecessor-version":[{"id":4375,"href":"https:\/\/registreac.org\/index.php?rest_route=\/wp\/v2\/pages\/2791\/revisions\/4375"}],"wp:attachment":[{"href":"https:\/\/registreac.org\/index.php?rest_route=%2Fwp%2Fv2%2Fmedia&parent=2791"}],"curies":[{"name":"wp","href":"https:\/\/api.w.org\/{rel}","templated":true}]}}