{"id":2801,"date":"2015-09-14T12:37:57","date_gmt":"2015-09-14T10:37:57","guid":{"rendered":"http:\/\/registreac.org\/?page_id=2801"},"modified":"2017-09-14T13:49:20","modified_gmt":"2017-09-14T11:49:20","slug":"nos-membres","status":"publish","type":"page","link":"https:\/\/registreac.org\/?page_id=2801","title":{"rendered":"Nos membres"},"content":{"rendered":"<div>\n<style type=\"text\/css\">\n.organigramme,a.lienOrganigramme {\n \tbox-shadow:  10px 10px 8px #555;\n\t\/*border-left:1px solid #fff;*\/\n\t\/*\n\tbackground-color:#c0c0c0;\n\tbackground-image:-webkit-linear-gradient(top left, #ff8000, #c0c0c0 );\n\tbackground-image:-moz-linear-gradient(top center, #ff8000, #c0c0c0 );\n\tbackground-image:-o-linear-gradient(top left, #ff8000, #c0c0c0 );\n\tbackground-image:linear-gradient( top, #ff8000, #c0c0c0);\n\t-ms-filter: \"progid:DXImageTransform.Microsoft.gradient(startColorstr=#c0c0c0, endColorstr=#ff8000)\";   \n\tfilter:progid:DXImageTransform.Microsoft.gradient( startColorstr='#ff8000',endColorstr='#c0c0c0', GradientType=0);*\/\n\twidth:80%;\n\tborder-radius: 10px;\n\tbox-shadow: 1px 1px 12px #555;<\/p>\n<p>}\n.organigramme {\n\twidth:15em;\n\theight:15em;\n\tfont-size : 1em;\n\tcolor:#000080;\n\tbox-shadow: 1px 1px 12px #555;<\/p>\n<p>}<\/p>\n<p>a.lien{\n\tbackground-color:#ff8000;\n\tbackground-color:#ff8000;\n\tfont-size : 1em;\n\tcolor:#000080;\n\ttext-decoration:underline;\n}\na.lien:link{<\/p>\n<p>\tfont-size : 1em;\n\tcolor:#000080;\n\ttext-decoration:underline;\n}<\/p>\n<p>a.lienOrganigramme{<\/p>\n<p>\tfont-size : 1em;\n\tcolor:#000080;\n\ttext-decoration:none;\n}\na.lienBiblio{\n\tcolor:#000080;\n\ttext-decoration:underline;\n}\na{\n\tcolor:#000080;\n\ttext-decoration:underline;\n}\na:link{<\/p>\n<p>\ttext-decoration:underline;\n}\nh1.titreGroupe{\n\tcolor:#fffbf0;\n\tfont-size : 1.5em;\n\tbox-shadow: 1px 1px 12px #555;\n\tborder-radius: 10px;\n\tbox-shadow: 1px 1px 12px #555;\n\tbackground-color:#000000;\n}<\/p>\n<p>h2{\n\tcolor:#000080;\n\tfont-size : 1em;\n}\n#content h2 {\n    font-size: 1em;\n\tcolor:#000080;\n}\nh3{\n\tcolor:#000080;\n\tfont-size : 1em;\n\ttext-align:center;\n}\na {\n\tcolor:#334D55;\n\ttext-decoration:underline;\n}\n.titre{\n\twidth:600px;\n\theight:100px;\n\tfont-size: 2em;\n\tmargin-left:auto;\n\tmargin-right:auto;\n\tposition:relative;\n\ttop:50%;\n\tmargin-top:25px;\n\tcolor:red;\n\tfont-family: CComic Sans, Comic Sans MS, cursive; \n\ttext-align:center;\n\ttext-shadow: 0px 1px 1px #4d4d4d;\n\tcolor:red;\n\tfont: 3.5em 'LeagueGothicRegular';<\/p>\n<p>}\n<\/style>\n<p><a class=\"lien\" href=\"http:\/\/registreac.org\/?p=2806\">L&#8217;\u00e9quipe<\/a>&nbsp;|&nbsp;<a class=\"lien\" href=\"http:\/\/registreac.org\/?p=2791\">Le Conseil d&#8217;Administration<\/a>&nbsp;|&nbsp;<a class=\"lien\" href=\"http:\/\/registreac.org\/?p=2794\">Le Conseil Scientifique<\/a>&nbsp;|&nbsp;<a class=\"lien\" href=\"http:\/\/registreac.org\/?p=2801\">Nos membres<\/a>&nbsp;|&nbsp;<a class=\"lien\" href=\"http:\/\/registreac.org\/?p=3350\">Nos \u00e9tudiants<\/a><\/p>\n<div class=\"titre\">Les Membres de R\u00e9AC<\/div>\n<table width=\"100%\">\n<tr align=\"center\">\n<td>\n<table>\n<tr>\n<td width=\"33%\">\n<div class=\"organigramme\">\n\t\t\t\t\t\t&nbsp;<br \/>\n\t\t\t\t\t\t<img decoding=\"async\" class=\"size-full wp-image-1420 aligncenter\" title=\"Pr Fr\u00e9d\u00e9ric Adnet\" src=\"\/wp-content\/uploads\/2012\/02\/logotransreac.png\" \/><\/p>\n<h3>Pr Fr\u00e9d\u00e9ric Adnet<\/h3>\n<\/p><\/div>\n<\/td>\n<td width=\"33%\">\n<div class=\"organigramme\">\n\t\t\t\t\t\t&nbsp;<br \/>\n\t\t\t\t\t\t<img decoding=\"async\" class=\"size-full wp-image-1420 aligncenter\" title=\"Dr Evgeniya Babykina\" src=\"\/wp-content\/uploads\/2012\/02\/logotransreac.png\" \/><\/p>\n<h3>Dr Evgeniya Babykina<\/h3>\n<\/p><\/div>\n<\/td>\n<td width=\"33%\">\n<div class=\"organigramme\">\n\t\t\t\t\t\t&nbsp;<br \/>\n\t\t\t\t\t\t<img decoding=\"async\" class=\"size-full wp-image-1420 aligncenter\" title=\"Dr Catherine Bertrand Ducros\" src=\"\/wp-content\/uploads\/2012\/02\/logotransreac.png\" \/><\/p>\n<h3>Dr Catherine Bertrand<\/h3>\n<\/p><\/div>\n<\/td>\n<\/tr>\n<tr>\n<td>&nbsp;<br \/>&nbsp;<\/td>\n<\/tr>\n<tr>\n<td width=\"33%\">\n<div class=\"organigramme\">&nbsp;<br \/>\n\t\t\t\t\t\t<img decoding=\"async\" class=\"size-full wp-image-1420 aligncenter\" title=\"Dr Pascal Cassan\" src=\"\/wp-content\/uploads\/2012\/02\/logotransreac.png\" alt=\"\" \/><\/p>\n<h3>Dr Pascal Cassan<\/h3>\n<\/p><\/div>\n<\/td>\n<td width=\"33%\">\n<div class=\"organigramme\">\n\t\t\t\t\t\t&nbsp;<br \/>\n\t\t\t\t\t\t<img decoding=\"async\" class=\"size-full wp-image-1420 aligncenter\" title=\"Dr Guillaume Debaty\" src=\"\/wp-content\/uploads\/2012\/02\/logotransreac.png\" \/><\/p>\n<h3>Dr Guillaume Debaty<\/h3>\n<\/p><\/div>\n<\/td>\n<td width=\"33%\">\n<div class=\"organigramme\">&nbsp;<br \/>\n\t\t\t\t\t\t<img decoding=\"async\" class=\"size-full wp-image-1420 aligncenter\" title=\"Mme Marien Dhers\" src=\"http:\/\/registreac.org\/wp-content\/uploads\/2014\/04\/marion_dhers.jpg\" alt=\"\" \/><\/p>\n<h3>Mme Marion Dhers<\/h3>\n<\/p><\/div>\n<\/td>\n<\/tr>\n<tr>\n<td>&nbsp;<br \/>&nbsp;<\/td>\n<\/tr>\n<tr>\n<td width=\"33%\">\n<div class=\"organigramme\">\n\t\t\t\t\t\t&nbsp;<br \/>\n\t\t\t\t\t\t<img decoding=\"async\" class=\"size-full wp-image-1420 aligncenter\" title=\"Dr Christophe Di Pomp\u00e9o\" src=\"\/wp-content\/uploads\/2014\/04\/Christophe_dipompeo.jpg\" \/><\/p>\n<h3>Dr Christophe Di Pomp\u00e9o<\/h3>\n<\/p><\/div>\n<\/td>\n<td width=\"33%\">\n<div class=\"organigramme\">\n\t\t\t\t\t\t&nbsp;<br \/>\n\t\t\t\t\t\t<img decoding=\"async\" class=\"size-full wp-image-1420 aligncenter\" title=\"Dr Pierre-Yves Dubien\" src=\"\/wp-content\/uploads\/2012\/02\/logotransreac.png\" \/><\/p>\n<h3>Dr Pierre-Yves Dubien<\/h3>\n<\/p><\/div>\n<\/td>\n<td width=\"33%\">\n<div class=\"organigramme\">\n\t\t\t\t\t\t&nbsp;<br \/>\n\t\t\t\t\t\t<img decoding=\"async\" class=\"size-full wp-image-1420 aligncenter\" title=\"Dr Laurent Ducros\" src=\"\/wp-content\/uploads\/2012\/02\/logotransreac.png\" \/><\/p>\n<h3>Dr Laurent Ducros<\/h3>\n<\/p><\/div>\n<\/td>\n<\/tr>\n<tr>\n<td>&nbsp;<br \/>&nbsp;<\/td>\n<\/tr>\n<tr>\n<td width=\"33%\">\n<div class=\"organigramme\">\n\t\t\t\t\t\t&nbsp;<br \/>\n\t\t\t\t\t\t<img decoding=\"async\" class=\"size-full wp-image-1420 aligncenter\" title=\"Dr Cyrielle Dumont\" src=\"\/wp-content\/uploads\/2012\/02\/logotransreac.png\" \/><\/p>\n<h3>Dr Cyrielle Dumont<\/h3>\n<\/p><\/div>\n<\/td>\n<td width=\"33%\">\n<div class=\"organigramme\">\n\t\t\t\t\t\t&nbsp;<br \/>\n\t\t\t\t\t\t<img decoding=\"async\" class=\"size-full wp-image-1420 aligncenter\" title=\"Dr Carlos El Khoury\" src=\"http:\/\/registreac.org\/wp-content\/uploads\/2014\/04\/Carlos_El_Khoury.jpg\" \/><\/p>\n<h3>Dr Carlos El Khoury<\/h3>\n<\/p><\/div>\n<\/td>\n<td width=\"33%\">\n<div class=\"organigramme\">\n\t\t\t\t\t\t&nbsp;<br \/>\n\t\t\t\t\t\t<img decoding=\"async\" class=\"size-full wp-image-1420 aligncenter\" title=\"Dr Jos\u00e9phine Escutnaire\" src=\"\/wp-content\/uploads\/2011\/05\/rpc_josephine.jpg\" \/><\/p>\n<h3>Dr Jos\u00e9phine Escutnaire<\/h3>\n<\/p><\/div>\n<\/td>\n<\/tr>\n<tr>\n<td>&nbsp;<br \/>&nbsp;<\/td>\n<\/tr>\n<tr>\n<td width=\"33%\">\n<div class=\"organigramme\">\n\t\t\t\t\t\t&nbsp;<br \/>\n\t\t\t\t\t\t<img decoding=\"async\" class=\"size-full wp-image-1420 aligncenter\" title=\"Dr Micha\u00ebl Genin\" src=\"\/wp-content\/uploads\/2012\/02\/logotransreac.png\" \/><\/p>\n<h3>Dr Micha\u00ebl Genin<\/h3>\n<\/p><\/div>\n<\/td>\n<td width=\"33%\">\n<div class=\"organigramme\">\n\t\t\t\t\t\t&nbsp;<br \/>\n\t\t\t\t\t\t<img decoding=\"async\" class=\"size-full wp-image-1420 aligncenter\" title=\"Dr Patrick Goldstein\" src=\"\/wp-content\/uploads\/2012\/02\/logotransreac.png\" \/><\/p>\n<h3>Dr Patrick Goldstein<\/h3>\n<\/p><\/div>\n<\/td>\n<td width=\"33%\">\n<div class=\"organigramme\">\n\t\t\t\t\t\t&nbsp;<br \/>\n\t\t\t\t\t\t<img decoding=\"async\" class=\"size-full wp-image-1420 aligncenter\" title=\"Pr Pierre-Yves Gueugniaud\" src=\"\/wp-content\/uploads\/2011\/05\/Pierre-Yves_Gueugniaud.jpg\" \/><\/p>\n<h3>Pr Pierre-Yves Gueugniaud<\/h3>\n<\/p><\/div>\n<\/td>\n<\/tr>\n<tr>\n<td>&nbsp;<br \/>&nbsp;<\/td>\n<\/tr>\n<tr>\n<td width=\"33%\">\n<div class=\"organigramme\">\n\t\t\t\t\t\t&nbsp;<br \/>\n\t\t\t\t\t\t<img decoding=\"async\" class=\"size-full wp-image-1420 aligncenter\" title=\"Dr Benjamin Guinhouya\" src=\"\/wp-content\/uploads\/2012\/02\/BCG.jpg\" \/><\/p>\n<h3>Dr Benjamin Guinhouya<\/h3>\n<\/p><\/div>\n<\/td>\n<td width=\"33%\">\n<div class=\"organigramme\">\n\t\t\t\t\t\t&nbsp;<br \/>\n\t\t\t\t\t\t<img decoding=\"async\" class=\"size-full wp-image-1420 aligncenter\" title=\"Pr Herv\u00e9 Hubert\" src=\"\/wp-content\/uploads\/2011\/05\/herve.jpg\" \/><\/p>\n<h3>Pr Herv\u00e9 Hubert<\/h3>\n<\/p><\/div>\n<\/td>\n<td width=\"33%\">\n<div class=\"organigramme\">\n\t\t\t\t\t\t&nbsp;<br \/>\n\t\t\t\t\t\t<img decoding=\"async\" class=\"size-full wp-image-1420 aligncenter\" title=\"M. Steven Lagadec\" src=\"\/wp-content\/uploads\/2012\/02\/logotransreac.png\" \/><\/p>\n<h3>M. Steven Lagadec<\/h3>\n<\/p><\/div>\n<\/td>\n<\/tr>\n<tr>\n<td>&nbsp;<br \/>&nbsp;<\/td>\n<\/tr>\n<tr>\n<td width=\"33%\">\n<div class=\"organigramme\">\n\t\t\t\t\t\t&nbsp;<br \/>\n\t\t\t\t\t\t<img decoding=\"async\" class=\"size-full wp-image-1420 aligncenter\" title=\"Pr St\u00e9phane Leteurtre\" src=\"\/wp-content\/uploads\/2012\/02\/logotransreac.png\" \/><\/p>\n<h3>Pr St\u00e9phane Leteurtre<\/h3>\n<\/p><\/div>\n<\/td>\n<td width=\"33%\">\n<div class=\"organigramme\">\n\t\t\t\t\t\t&nbsp;<br \/>\n\t\t\t\t\t\t<img decoding=\"async\" class=\"size-full wp-image-1420 aligncenter\" title=\"Pr G\u00e9rald Luc\" src=\"\/wp-content\/uploads\/2012\/02\/logotransreac.png\" \/><\/p>\n<h3>Pr G\u00e9rald Luc<\/h3>\n<\/p><\/div>\n<\/td>\n<td width=\"33%\">\n<div class=\"organigramme\">\n\t\t\t\t\t\t&nbsp;<br \/>\n\t\t\t\t\t\t<img decoding=\"async\" class=\"size-full wp-image-1420 aligncenter\" title=\"Dr Pierre Michelet\" src=\"\/wp-content\/uploads\/2012\/02\/logotransreac.png\" \/><\/p>\n<h3>Dr Pierre Michelet<\/h3>\n<\/p><\/div>\n<\/td>\n<\/tr>\n<tr>\n<td>&nbsp;<br \/>&nbsp;<\/td>\n<\/tr>\n<tr>\n<td width=\"33%\">\n<div class=\"organigramme\">\n\t\t\t\t\t\t&nbsp;<br \/>\n\t\t\t\t\t\t<img decoding=\"async\" class=\"size-full wp-image-1420 aligncenter\" title=\"Dr Emgan Querellou\" src=\"\/wp-content\/uploads\/2012\/02\/logotransreac.png\" \/><\/p>\n<h3>Dr Emgan Querellou<\/h3>\n<\/p><\/div>\n<\/td>\n<td width=\"33%\">\n<div class=\"organigramme\">\n\t\t\t\t\t\t&nbsp;<br \/>\n\t\t\t\t\t\t<img decoding=\"async\" class=\"size-full wp-image-1420 aligncenter\" title=\"Dr Agn\u00e8s Ricard-Hibon\" alt=\"Dr Agn\u00e8s Ricard-Hibon\" src=\"\/wp-content\/uploads\/2015\/07\/arh.jpg\" \/><\/p>\n<h3>Dr Agn\u00e8s Ricard-Hibon<\/h3>\n<\/p><\/div>\n<\/td>\n<td width=\"33%\">\n<div class=\"organigramme\">\n\t\t\t\t\t\t&nbsp;<br \/>\n\t\t\t\t\t\t<img decoding=\"async\" class=\"size-full wp-image-1420 aligncenter\" title=\"Dr Dominique Savary\" src=\"\/wp-content\/uploads\/2012\/02\/logotransreac.png\" \/><\/p>\n<h3>Dr Dominique Savary<\/h3>\n<\/p><\/div>\n<\/td>\n<\/tr>\n<tr>\n<td>&nbsp;<br \/>&nbsp;<\/td>\n<\/tr>\n<tr>\n<td width=\"33%\">\n<div class=\"organigramme\">\n\t\t\t\t\t\t&nbsp;<br \/>\n\t\t\t\t\t\t<img decoding=\"async\" class=\"size-full wp-image-1420 aligncenter\" title=\"Dr Nicolas Segal\" src=\"\/wp-content\/uploads\/2014\/04\/nicolas_segal.jpg\" \/><\/p>\n<h3>Dr Nicolas Segal<\/h3>\n<\/p><\/div>\n<\/td>\n<td width=\"33%\">\n<div class=\"organigramme\">\n\t\t\t\t\t\t&nbsp;<br \/>\n\t\t\t\t\t\t<img decoding=\"async\" class=\"size-full wp-image-1420 aligncenter\" title=\"Pr Karim Tazarourte\" src=\"\/wp-content\/uploads\/2014\/04\/Karim_TAZAROURTE1.png\" \/><\/p>\n<h3>Pr Karim Tazarourte<\/h3>\n<\/p><\/div>\n<\/td>\n<td width=\"33%\">\n<div class=\"organigramme\">\n\t\t\t\t\t\t&nbsp;<br \/>\n\t\t\t\t\t\t<img decoding=\"async\" class=\"size-full wp-image-1420 aligncenter\" title=\"Dr Jean-Pierre Tourtier\" src=\"\/wp-content\/uploads\/2012\/02\/logotransreac.png\" \/><\/p>\n<h3>Dr Jean-Pierre Tourtier<\/h3>\n<\/p><\/div>\n<\/td>\n<\/tr>\n<tr>\n<td>&nbsp;<br \/>&nbsp;<\/td>\n<\/tr>\n<tr>\n<td width=\"33%\">\n<div class=\"organigramme\">\n\t\t\t\t\t\t&nbsp;<br \/>\n\t\t\t\t\t\t<img decoding=\"async\" class=\"size-full wp-image-1420 aligncenter\" title=\"Dr Christian Vilhelm\" src=\"\/wp-content\/uploads\/2011\/05\/CV.jpg\" \/><\/p>\n<h3>Dr Christian Vilhelm<\/h3>\n<\/p><\/div>\n<\/td>\n<td width=\"33%\">\n<div class=\"organigramme\">\n\t\t\t\t\t\t&nbsp;<br \/>\n\t\t\t\t\t\t<img decoding=\"async\" class=\"size-full wp-image-1420 aligncenter\" title=\"Pr \u00c9ric Wiel\" src=\"\/wp-content\/uploads\/2011\/05\/Ewiel.jpg\" \/><\/p>\n<h3>Pr \u00c9ric Wiel<\/h3>\n<\/p><\/div>\n<\/td>\n<\/tr>\n<\/table>\n<\/td>\n<\/tr>\n<\/table>\n<\/div>\n","protected":false},"excerpt":{"rendered":"<p>L&#8217;\u00e9quipe&nbsp;|&nbsp;Le Conseil d&#8217;Administration&nbsp;|&nbsp;Le Conseil Scientifique&nbsp;|&nbsp;Nos membres&nbsp;|&nbsp;Nos \u00e9tudiants Les Membres de R\u00e9AC &nbsp; Pr Fr\u00e9d\u00e9ric Adnet &nbsp; Dr Evgeniya Babykina &nbsp; Dr Catherine Bertrand &nbsp;&nbsp; &nbsp; Dr Pascal Cassan &nbsp; Dr Guillaume Debaty &nbsp; Mme Marion Dhers &nbsp;&nbsp; &nbsp; Dr Christophe Di Pomp\u00e9o &nbsp; Dr Pierre-Yves Dubien &nbsp; Dr Laurent Ducros &nbsp;&nbsp; &nbsp; Dr Cyrielle Dumont [&hellip;]<\/p>\n","protected":false},"author":323,"featured_media":0,"parent":0,"menu_order":0,"comment_status":"closed","ping_status":"closed","template":"","meta":{"footnotes":""},"_links":{"self":[{"href":"https:\/\/registreac.org\/index.php?rest_route=\/wp\/v2\/pages\/2801"}],"collection":[{"href":"https:\/\/registreac.org\/index.php?rest_route=\/wp\/v2\/pages"}],"about":[{"href":"https:\/\/registreac.org\/index.php?rest_route=\/wp\/v2\/types\/page"}],"author":[{"embeddable":true,"href":"https:\/\/registreac.org\/index.php?rest_route=\/wp\/v2\/users\/323"}],"replies":[{"embeddable":true,"href":"https:\/\/registreac.org\/index.php?rest_route=%2Fwp%2Fv2%2Fcomments&post=2801"}],"version-history":[{"count":8,"href":"https:\/\/registreac.org\/index.php?rest_route=\/wp\/v2\/pages\/2801\/revisions"}],"predecessor-version":[{"id":3830,"href":"https:\/\/registreac.org\/index.php?rest_route=\/wp\/v2\/pages\/2801\/revisions\/3830"}],"wp:attachment":[{"href":"https:\/\/registreac.org\/index.php?rest_route=%2Fwp%2Fv2%2Fmedia&parent=2801"}],"curies":[{"name":"wp","href":"https:\/\/api.w.org\/{rel}","templated":true}]}}