{"id":2806,"date":"2015-09-14T12:43:10","date_gmt":"2015-09-14T10:43:10","guid":{"rendered":"http:\/\/registreac.org\/?page_id=2806"},"modified":"2025-12-04T15:14:02","modified_gmt":"2025-12-04T14:14:02","slug":"lequipe-reac","status":"publish","type":"page","link":"https:\/\/registreac.org\/?page_id=2806","title":{"rendered":"L&#8217;\u00e9quipe R\u00e9AC"},"content":{"rendered":"<div>\n<style type=\"text\/css\">\ntable {<br \/>\n   margin-bottom: 0;<br \/>\n    border-bottom: none;<br \/>\n}<br \/>\n.organigramme,a.lienOrganigramme {<br \/>\n \tbox-shadow:  10px 10px 8px #555;<br \/>\n\t\/*border-left:1px solid #fff;*\/<br \/>\n\t\/*<br \/>\n\tbackground-color:#c0c0c0;<br \/>\n\tbackground-image:-webkit-linear-gradient(top left, #ff8000, #c0c0c0 );<br \/>\n\tbackground-image:-moz-linear-gradient(top center, #ff8000, #c0c0c0 );<br \/>\n\tbackground-image:-o-linear-gradient(top left, #ff8000, #c0c0c0 );<br \/>\n\tbackground-image:linear-gradient( top, #ff8000, #c0c0c0);<br \/>\n\t-ms-filter: \"progid:DXImageTransform.Microsoft.gradient(startColorstr=#c0c0c0, endColorstr=#ff8000)\";<br \/>\n\tfilter:progid:DXImageTransform.Microsoft.gradient( startColorstr='#ff8000',endColorstr='#c0c0c0', GradientType=0);*\/<br \/>\n\twidth:80%;<br \/>\n\tborder-radius: 10px;<br \/>\n\tbox-shadow: 1px 1px 12px #555;<br \/>\n}<br \/>\n.organigramme {<br \/>\n\twidth:20em;<br \/>\n\t\/*height:15em;*\/<br \/>\n\tfont-size : 1em;<br \/>\n\tcolor:#000080;<br \/>\n\tbox-shadow: 1px 1px 12px #555;<br \/>\n}<br \/>\na.lien{<br \/>\n\tbackground-color:#ff8000;<br \/>\n\tbackground-color:#ff8000;<br \/>\n\tfont-size : 1em;<br \/>\n\tcolor:#000080;<br \/>\n\ttext-decoration:underline;<br \/>\n}<br \/>\na.lien:link{<br \/>\n\tfont-size : 1em;<br \/>\n\tcolor:#000080;<br \/>\n\ttext-decoration:underline;<br \/>\n}<br \/>\na.lienOrganigramme{<br \/>\n\tfont-size : 1em;<br \/>\n\tcolor:#000080;<br \/>\n\ttext-decoration:none;<br \/>\n}<br \/>\na.lienBiblio{<br \/>\n\tcolor:#000080;<br \/>\n\ttext-decoration:underline;<br \/>\n}<br \/>\na{<br \/>\n\tcolor:#000080;<br \/>\n\ttext-decoration:underline;<br \/>\n}<br \/>\na:link{<br \/>\n\ttext-decoration:underline;<br \/>\n}<br \/>\nh1.titreGroupe{<br \/>\n\tcolor:#fffbf0;<br \/>\n\tfont-size : 1.5em;<br \/>\n\tbox-shadow: 1px 1px 12px #555;<\n\tborder-radius: 10px;\n\tbox-shadow: 1px 1px 12px #555;\n\tbackground-color:#000000;\n}\nh2{\n\tcolor:#000080;\n\tfont-size : 1em;\n}\n#content h2 {\n    font-size: 1em;\n\tcolor:#000080;\n}\nh3{\n\tcolor:#000080;\n\tfont-size : 1em;\n\ttext-align:center;\n}\na {\n\tcolor:#334D55;\n\ttext-decoration:underline;\n}\n.titre{\n\twidth:600px;\n\theight:100px;\n\tfont-size: 2em;\n\tmargin-left:auto;\n\tmargin-right:auto;\n\tposition:relative;\n\ttop:50%;\n\tmargin-top:25px;\n\tcolor:red;\n\tfont-family: CComic Sans, Comic Sans MS, cursive;\n\ttext-align:center;\n\ttext-shadow: 0px 1px 1px #4d4d4d;\n\tcolor:red;\n\tfont: 3.5em 'LeagueGothicRegular';\n}\n<\/style>\n<p><a class=\"lien\" href=\"http:\/\/registreac.org\/?p=2806\">L'\u00e9quipe<\/a> | <a class=\"lien\" href=\"http:\/\/registreac.org\/?p=2791\">Le Conseil d'Administration<\/a> | <a class=\"lien\" href=\"http:\/\/registreac.org\/?p=2794\">Le Conseil Scientifique<\/a> | <a class=\"lien\" href=\"http:\/\/registreac.org\/?p=2801\">Nos membres<\/a> | <a class=\"lien\" href=\"http:\/\/registreac.org\/?p=3350\">Nos \u00e9tudiants<\/a><\/p>\n<div class=\"titre\">L'\u00e9quipe R\u00e9AC<\/div>\n<p><!--\n\n\n<tr align=\"center\">\n\n\n<td>\n\n\n<h1  class=\"titreGroupe\">Responsable Promotion Clinique<\/h1>\n\n\n<\/td>\n\n\n<\/tr>\n\n\n\n\n<tr align=\"center\">\n\n\n<td>\n\n\n<table>\n\n\n<tr align=\"center\">\n\n\n<td>\n\n\n<h2><\/h2>\n\n\n\n\n<div class=\"organigramme\">&nbsp;\n\t\t\t\t\t\t<img decoding=\"async\" class=\"size-full wp-image-1420 aligncenter\" title=\"Dr Jos\u00e9phine Escutnaire\" src=\"wp-content\/uploads\/2011\/05\/rpc_josephine.jpg\" alt=\"\"  \/>\n\n\n<h3>Dr Jos\u00e9phine Escutnaire<\/h3>\n\n\n<\/div>\n\n<\/td>\n\n\n<\/tr>\n\n\n<\/table>\n\n\n<\/td>\n\n\n<\/tr>\n\n\n--><\/p>\n<table style=\"width: 100%;\">\n<tbody>\n<tr align=\"center\">\n<td colspan=\"2\">\n<h1 class=\"titreGroupe\">Fondateurs<\/h1>\n<\/td>\n<\/tr>\n<tr align=\"center\">\n<td>\n<table>\n<tbody>\n<tr align=\"center\">\n<td width=\"49%\">\n<h2>Pr\u00e9sident du Conseil Scientifique<\/h2>\n<div class=\"organigramme\"><img decoding=\"async\" class=\"size-full wp-image-1420 aligncenter\" title=\"Pr Pierre-Yves Gueugniaud\" src=\"wp-content\/uploads\/2011\/05\/Pierre-Yves_Gueugniaud.jpg\" alt=\"\" \/><\/p>\n<h3><a class=\"lienBiblio\" title=\"Biographie du Pr Gueugniaud\" href=\"http:\/\/registreac.org\/?page_id=1611\">Pr Pierre-Yves Gueugniaud<\/a><\/h3>\n<\/div>\n<\/td>\n<td width=\"49%\">\n<h2>Pr\u00e9sident du Conseil d'Administration<\/h2>\n<div class=\"organigramme\"><img decoding=\"async\" loading=\"lazy\" class=\"size-full wp-image-1420 aligncenter\" title=\"Pr Herv\u00e9 Hubert\" src=\"\/wp-content\/uploads\/2011\/05\/herve.jpg\" alt=\"\" width=\"92\" height=\"113\" \/><\/p>\n<h3><a class=\"lienBiblio\" title=\"Biographie du Pr Herv\u00e9 Hubert\" href=\"http:\/\/registreac.org\/?page_id=1604\">Pr Herv\u00e9 Hubert<\/a><\/h3>\n<\/div>\n<\/td>\n<\/tr>\n<\/tbody>\n<\/table>\n<\/td>\n<\/tr>\n<tr align=\"center\">\n<td colspan=\"2\">\n<h1 class=\"titreGroupe\">Responsable de la Coordination des SAMU-SMUR<\/h1>\n<\/td>\n<\/tr>\n<tr align=\"center\">\n<td>\n<table>\n<tbody>\n<tr align=\"center\">\n<td>\n<div class=\"organigramme\"><img decoding=\"async\" class=\"size-full wp-image-1420 aligncenter\" title=\"Dr Catherine Bertrand\" src=\"\/wp-content\/uploads\/2012\/02\/logotransreac.png\" alt=\"\" \/><\/p>\n<h3>Dr Catherine Bertrand<\/h3>\n<\/div>\n<\/td>\n<\/tr>\n<\/tbody>\n<\/table>\n<\/td>\n<\/tr>\n<tr align=\"center\">\n<td colspan=\"2\">\n<h1 class=\"titreGroupe\">Responsables de la Coordination M\u00e9dicale<\/h1>\n<\/td>\n<\/tr>\n<tr align=\"center\">\n<td>\n<table>\n<tbody>\n<tr align=\"center\">\n<td width=\"49%\">\n<h2><\/h2>\n<div class=\"organigramme\"><img decoding=\"async\" class=\"size-full wp-image-1420 aligncenter\" title=\"Dr Pierre Yves Dubien\" src=\"\/wp-content\/uploads\/2012\/02\/logotransreac.png\" alt=\"\" \/><\/p>\n<h3>Dr Pierre Yves Dubien<\/h3>\n<\/div>\n<\/td>\n<td width=\"49%\">\n<h2><\/h2>\n<div class=\"organigramme\"><img decoding=\"async\" class=\"size-full wp-image-1420 aligncenter\" title=\"Pr \u00c9ric Wiel\" src=\"\/wp-content\/uploads\/2011\/05\/Ewiel.jpg\" alt=\"\" \/><\/p>\n<h3>Pr \u00c9ric Wiel<\/h3>\n<\/div>\n<\/td>\n<\/tr>\n<\/tbody>\n<\/table>\n<\/td>\n<\/tr>\n<tr align=\"center\">\n<td>\n<h1 class=\"titreGroupe\">Responsables du D\u00e9veloppement Informatique<\/h1>\n<\/td>\n<\/tr>\n<tr align=\"center\">\n<td>\n<table>\n<tbody>\n<tr align=\"center\">\n<td width=\"50%\">\n<h2>Responsable Informatique<\/h2>\n<div class=\"organigramme\"><img decoding=\"async\" loading=\"lazy\" class=\"size-full wp-image-1420 aligncenter\" title=\"Mme Aur\u00e9lie Aldebert\" src=\"\/wp-content\/uploads\/2012\/02\/photo.png\" alt=\"\" width=\"84\" height=\"110\" \/><\/p>\n<h3>Mme Aur\u00e9lie Aldebert<\/h3>\n<\/div>\n<\/td>\n<td width=\"50%\">\n<h2>Coordination Informatique<\/h2>\n<div class=\"organigramme\"><img decoding=\"async\" class=\"size-full wp-image-1420 aligncenter\" title=\"Dr Christian Vilhelm\" src=\"\/wp-content\/uploads\/2011\/05\/CV.jpg\" alt=\"\" \/><\/p>\n<h3>Dr Christian Vilhelm<\/h3>\n<\/div>\n<\/td>\n<\/tr>\n<\/tbody>\n<\/table>\n<\/td>\n<\/tr>\n<tr align=\"center\">\n<td>\n<h1 class=\"titreGroupe\">Responsable de la communication Scientifique<\/h1>\n<\/td>\n<\/tr>\n<tr align=\"center\">\n<td>\n<table>\n<tbody>\n<tr align=\"center\">\n<td width=\"50%\">\n<div class=\"organigramme\"><img decoding=\"async\" loading=\"lazy\" class=\"alignnone size-full wp-image-3563\" src=\"\/wp-content\/uploads\/2017\/06\/valentine-reac.jpg\" alt=\"Valentine Baert\" width=\"88\" height=\"110\" \/><\/p>\n<h3>Dr Valentine Baert<\/h3>\n<\/div>\n<\/td>\n<\/tr>\n<\/tbody>\n<\/table>\n<\/td>\n<\/tr>\n<tr align=\"center\">\n<td>\n<h1 class=\"titreGroupe\">Attach\u00e9 de Recherche Clinique<\/h1>\n<\/td>\n<\/tr>\n<tr align=\"center\">\n<td>\n<table style=\"width: 75.1207%; height: 155px;\">\n<tbody>\n<tr style=\"height: 155px;\" align=\"center\">\n<td style=\"width: 50%; height: 155px;\" width=\"50%\">\n<div class=\"organigramme\"><img decoding=\"async\" loading=\"lazy\" class=\"aligncenter wp-image-4453\" src=\"https:\/\/registreac.org\/wp-content\/uploads\/2025\/12\/hizia_benkerrou_2025.jpg\" alt=\"Hizia Benkerrou\" width=\"102\" height=\"136\" srcset=\"https:\/\/registreac.org\/wp-content\/uploads\/2025\/12\/hizia_benkerrou_2025.jpg 264w, https:\/\/registreac.org\/wp-content\/uploads\/2025\/12\/hizia_benkerrou_2025-226x300.jpg 226w\" sizes=\"(max-width: 102px) 100vw, 102px\" \/><\/p>\n<h3>Mme Hizia\u00a0Benkerrou<\/h3>\n<\/div>\n<\/td>\n<td style=\"width: 1.20773%; height: 155px;\" width=\"50%\">\n<div class=\"organigramme\"><\/div>\n<\/td>\n<\/tr>\n<\/tbody>\n<\/table>\n<\/td>\n<\/tr>\n<\/tbody>\n<\/table>\n<\/div>\n","protected":false},"excerpt":{"rendered":"<p>L&#8217;\u00e9quipe | Le Conseil d&#8217;Administration | Le Conseil Scientifique | Nos membres | Nos \u00e9tudiants L&#8217;\u00e9quipe R\u00e9AC Fondateurs Pr\u00e9sident du Conseil Scientifique Pr Pierre-Yves Gueugniaud Pr\u00e9sident du Conseil d&#8217;Administration Pr Herv\u00e9 Hubert Responsable de la Coordination des SAMU-SMUR Dr Catherine Bertrand Responsables de la Coordination M\u00e9dicale Dr Pierre Yves Dubien Pr \u00c9ric Wiel Responsables du [&hellip;]<\/p>\n","protected":false},"author":323,"featured_media":0,"parent":0,"menu_order":0,"comment_status":"closed","ping_status":"closed","template":"","meta":{"footnotes":""},"_links":{"self":[{"href":"https:\/\/registreac.org\/index.php?rest_route=\/wp\/v2\/pages\/2806"}],"collection":[{"href":"https:\/\/registreac.org\/index.php?rest_route=\/wp\/v2\/pages"}],"about":[{"href":"https:\/\/registreac.org\/index.php?rest_route=\/wp\/v2\/types\/page"}],"author":[{"embeddable":true,"href":"https:\/\/registreac.org\/index.php?rest_route=\/wp\/v2\/users\/323"}],"replies":[{"embeddable":true,"href":"https:\/\/registreac.org\/index.php?rest_route=%2Fwp%2Fv2%2Fcomments&post=2806"}],"version-history":[{"count":29,"href":"https:\/\/registreac.org\/index.php?rest_route=\/wp\/v2\/pages\/2806\/revisions"}],"predecessor-version":[{"id":4454,"href":"https:\/\/registreac.org\/index.php?rest_route=\/wp\/v2\/pages\/2806\/revisions\/4454"}],"wp:attachment":[{"href":"https:\/\/registreac.org\/index.php?rest_route=%2Fwp%2Fv2%2Fmedia&parent=2806"}],"curies":[{"name":"wp","href":"https:\/\/api.w.org\/{rel}","templated":true}]}}