{"id":3428,"date":"2016-07-08T11:26:41","date_gmt":"2016-07-08T09:26:41","guid":{"rendered":"http:\/\/registreac.org\/?page_id=3428"},"modified":"2025-06-24T12:00:46","modified_gmt":"2025-06-24T10:00:46","slug":"qui-sommes-nous","status":"publish","type":"page","link":"https:\/\/registreac.org\/?page_id=3428","title":{"rendered":"Qui sommes-nous?"},"content":{"rendered":"<p><span style=\"text-decoration: underline;\"><strong>R<span style=\"color: #2096dc; text-decoration: underline;\">\u00e9<\/span>AC, qu&#8217;est-ce que c&#8217;est?<\/strong><\/span><\/p>\n<p style=\"text-align: justify;\">Le Registre <span style=\"color: #2096dc;\"><strong>\u00e9<\/strong><\/span>lectronique des Arr\u00eats Cardiaques (<strong>R<span style=\"color: #2096dc;\">\u00e9<\/span>AC)<\/strong> est un registre d\u2019envergure nationale bas\u00e9 sur le recueil exhaustif des <a href=\"http:\/\/registreac.org\/?page_id=3491\">Arr\u00eats Cardiaques<\/a> pris en charge sur l\u2019ensemble du territoire fran\u00e7ais (m\u00e9tropole et DOM-TOM) gr\u00e2ce \u00e0 la participation volontaire des SAMU\/SMUR. Le <strong>R<span style=\"color: #2096dc;\">\u00e9<\/span>AC<\/strong> ne serait donc rien sans l\u2019ensemble des SAMU\/SMUR impliqu\u00e9s dans son d\u00e9veloppement et leurs \u00e9quipes qui chaque jour font grandir le registre.<\/p>\n<ul>\n<li style=\"text-align: justify;\"><strong>Nos objectifs<\/strong>\n<ul>\n<li style=\"text-align: justify;\">permettre aux m\u00e9decins d\u2019\u00e9valuer et d\u2019am\u00e9liorer leurs pratiques professionnelles<\/li>\n<li style=\"text-align: justify;\">optimiser les conditions de prise en charge des victimes d\u2019arr\u00eat cardiaque<\/li>\n<li style=\"text-align: justify;\">am\u00e9liorer les chances de survie des patients<\/li>\n<\/ul>\n<\/li>\n<\/ul>\n<p>\u00c0 ce jour, nous avons : <meta http-equiv=\"Content-Type\" content=\"text\/html; charset=UTF-8\" \/>\r\n<style>\r\nblockquote, blockquote blockquote {\r\n    margin: 15px 30px 0px 10px;\r\n    padding-left: 20px;\r\n    border-left: 5px solid #CCC;    \r\n    font-size: 13px;\r\n}\r\nhtml {\r\n    font-family: \"Open Sans\",sans-serif;\r\n}\r\nbody {\r\n    font-family: \"Helvetica Neue\",Helvetica,Arial,sans-serif;\r\n\tfont-family: \"Open Sans\",sans-serif;\r\n    font-size: 16px;\r\n    line-height: 1.42857;\r\n    color: #333;\r\n\ttext-rendering: optimizelegibility;\r\n\ttext-align:center;\r\n}\r\n.nb_ac\r\n{\r\n\tfont-family: \"Open Sans\",sans-serif;\r\n\t\r\n\tcolor: #333;\r\n\tfont-size: 16px;\r\n\tfont-weight: normal;\r\n\tline-height: 1.6;\r\n}\r\n<\/style>\r\n\r\n<center>186 405 Arr\u00eats Cardiaques recenc\u00e9s<\/p>\n<ul>\n<li style=\"text-align: justify;\"><strong>Fond\u00e9 en 2011<\/strong><\/li>\n<\/ul>\n<p style=\"text-align: justify;\">Fond\u00e9 en 2011 par les Professeurs <a href=\"http:\/\/registreac.org\/?page_id=1604\" target=\"_blank\" rel=\"noopener\">Herv\u00e9 Hubert<\/a> (Pr\u00e9sident du conseil d\u2019administration) et <a href=\"http:\/\/registreac.org\/?page_id=1611\" target=\"_blank\" rel=\"noopener\">Pierre-Yves Gueugniaud<\/a> (Pr\u00e9sident du conseil scientifique). Apr\u00e8s une phase de lancement exp\u00e9rimentale en juillet 2011, le registre s\u2019est d\u00e9ploy\u00e9 nationalement en 2012 pour collaborer aujourd\u2019hui avec plus de 286 SMUR et 94 SAMU, soit plus de 90% des centres d\u2019urgences fran\u00e7ais.<\/p>\n<ul>\n<li style=\"text-align: justify;\"><strong>Association depuis 2013<\/strong><\/li>\n<\/ul>\n<p style=\"text-align: justify;\">La r\u00e9ussite du projet a permis \u00e0 R<span style=\"color: #2096dc;\">\u00e9<\/span>AC de changer de statut et \u00e0 se restructurer sous forme d\u2019association (d\u00e9clar\u00e9e le 22 avril 2013).<\/p>\n<ul>\n<li style=\"text-align: justify;\"><strong>EuReCa<\/strong><\/li>\n<\/ul>\n<p style=\"text-align: justify;\">R<span style=\"color: #2096dc;\">\u00e9<\/span>AC est le premier registre national de donn\u00e9es \u00e9pid\u00e9miologiques et cliniques de l\u2019arr\u00eat cardiaque en France et le plus grand d\u2019Europe. R<span style=\"color: #2096dc;\">\u00e9<\/span>AC est \u00e9galement repr\u00e9sent\u00e9 au niveau europ\u00e9en puisqu\u2019il participe et est l\u2019un des membres fondateurs de la f\u00e9d\u00e9ration des registres europ\u00e9ens de l\u2019arr\u00eat cardiaque, EuReCa.<\/p>\n<p><a href=\"https:\/\/www.eureca-one.eu\/\"><img decoding=\"async\" loading=\"lazy\" class=\"size-full wp-image-2384\" src=\"http:\/\/registreac.org\/wp-content\/uploads\/2010\/09\/eureca_transparentreduit.png\" alt=\"EuReCA\" width=\"215\" height=\"61\" \/><\/a><\/p>\n<p style=\"text-align: justify;\"><strong><span style=\"text-decoration: underline;\">Pourquoi la th\u00e9matique de l&#8217;arr\u00eat cardiaque?<\/span><\/strong><\/p>\n<p style=\"text-align: justify;\">L\u2019arr\u00eat cardiaque est repr\u00e9sent\u00e9 par l\u2019interruption, en g\u00e9n\u00e9ral brutale, de l\u2019activit\u00e9 respiratoire et de l\u2019activit\u00e9 vasculaire. C\u2019est une urgence vitale et un probl\u00e8me de sant\u00e9 publique majeur. Plus de <strong>40 000<\/strong> personnes sont victimes chaque ann\u00e9e en France d\u2019un arr\u00eat cardiaque, soit 100 morts par jour.<\/p>\n<ul>\n<li><strong>3 ph\u00e9nom\u00e8nes<\/strong><\/li>\n<\/ul>\n<p style=\"text-align: justify;\">Gr\u00e2ce aux donn\u00e9es que nous avons recueillies\u00a0 sur l\u2019ensemble du territoire, nous avons constat\u00e9 trois ph\u00e9nom\u00e8nes importants<\/p>\n<table>\n<tbody>\n<tr>\n<td width=\"50%\"><img decoding=\"async\" loading=\"lazy\" class=\"aligncenter size-medium wp-image-3432\" src=\"http:\/\/registreac.org\/wp-content\/uploads\/2016\/07\/73_domicile-300x300.png\" alt=\"73_domicile\" width=\"300\" height=\"300\" srcset=\"https:\/\/registreac.org\/wp-content\/uploads\/2016\/07\/73_domicile-300x300.png 300w, https:\/\/registreac.org\/wp-content\/uploads\/2016\/07\/73_domicile-150x150.png 150w, https:\/\/registreac.org\/wp-content\/uploads\/2016\/07\/73_domicile.png 960w\" sizes=\"(max-width: 300px) 100vw, 300px\" \/><\/td>\n<td width=\"50%\"><img decoding=\"async\" loading=\"lazy\" width=\"205\" height=\"300\" class=\"aligncenter wp-image-3455 size-medium\" src=\"http:\/\/registreac.org\/wp-content\/uploads\/2016\/07\/temoin2-205x300.png\" alt=\"temoin\" srcset=\"https:\/\/registreac.org\/wp-content\/uploads\/2016\/07\/temoin2-205x300.png 205w, https:\/\/registreac.org\/wp-content\/uploads\/2016\/07\/temoin2.png 385w\" sizes=\"(max-width: 205px) 100vw, 205px\" \/><\/td>\n<\/tr>\n<tr>\n<td colspan=\"2\"><img decoding=\"async\" loading=\"lazy\" class=\"aligncenter size-full wp-image-3451\" src=\"http:\/\/registreac.org\/wp-content\/uploads\/2016\/07\/10min.png\" alt=\"10min\" width=\"416\" height=\"122\" srcset=\"https:\/\/registreac.org\/wp-content\/uploads\/2016\/07\/10min.png 416w, https:\/\/registreac.org\/wp-content\/uploads\/2016\/07\/10min-300x88.png 300w\" sizes=\"(max-width: 416px) 100vw, 416px\" \/><\/td>\n<\/tr>\n<tr>\n<td colspan=\"2\"><\/td>\n<\/tr>\n<\/tbody>\n<\/table>\n<p style=\"text-align: justify;\">C\u2019est pour cela que le R\u00e9AC s\u2019est associ\u00e9 avec la F\u00e9d\u00e9ration Fran\u00e7aise de Cardiologie, l\u2019\u00e9ducation nationale et la MGEN afin de promouvoir, notamment chez les enfants, la formation \u00ab aux gestes qui sauvent \u00bb, source majeure d\u2019augmentation du taux de survie.<\/p>\n<ul>\n<li style=\"text-align: justify;\"><strong>Nos actions de sensibilisation<\/strong><\/li>\n<\/ul>\n<table>\n<tbody>\n<tr>\n<td width=\"25%\"><img decoding=\"async\" loading=\"lazy\" class=\"alignleft wp-image-3151 size-full\" src=\"http:\/\/registreac.org\/wp-content\/uploads\/2016\/02\/Je\u0301PAC-logo.png\" alt=\"Je\u0301PAC logo\" width=\"559\" height=\"396\" srcset=\"https:\/\/registreac.org\/wp-content\/uploads\/2016\/02\/Je\u0301PAC-logo.png 559w, https:\/\/registreac.org\/wp-content\/uploads\/2016\/02\/Je\u0301PAC-logo-300x213.png 300w, https:\/\/registreac.org\/wp-content\/uploads\/2016\/02\/Je\u0301PAC-logo-99x70.png 99w\" sizes=\"(max-width: 559px) 100vw, 559px\" \/><\/td>\n<td style=\"text-align: justify;\"><strong>J<\/strong><strong>\u00e9PAC : <\/strong>La Journ\u00e9e d&#8217;\u00e9ducation et de Pr\u00e9vention de l&#8217;Arr\u00eat Cardiaque a eu lieu le 18 Mars 2016 dans les locaux de la facult\u00e9 d\u2019ing\u00e9nierie et management de la sant\u00e9 (Loos) et s\u2019est organis\u00e9e autour de trois grandes op\u00e9rations<strong>. <\/strong>C\u2019est gr\u00e2ce \u00e0 l\u2019investissement des \u00e9tudiants et le soutien sans faille du Doyen de la facult\u00e9 d\u2019ing\u00e9nierie et management de la sant\u00e9 [ILIS], que nous avons\u00a0 imagin\u00e9, construit et organis\u00e9 cette journ\u00e9e avec 3 axes :<strong><br \/>\n<\/strong><\/p>\n<ul>\n<li style=\"text-align: justify;\">\u201cSauve ton nounours\u201d : pour 26 enfants de 7 \u00e0 9 ans.<\/li>\n<li style=\"text-align: justify;\">\u201cSauve une vie deviens un h\u00e9ros\u201d : pour 18 enfants de 10 \u00e0 11 ans.<\/li>\n<li style=\"text-align: justify;\">\u201cForme-toi, agis, sauve une vie\u201d : pour 150 \u00e9tudiants, personnel et enseignants de l\u2019Universit\u00e9 Lille 2<\/li>\n<\/ul>\n<\/td>\n<\/tr>\n<\/tbody>\n<\/table>\n","protected":false},"excerpt":{"rendered":"<p>R\u00e9AC, qu&#8217;est-ce que c&#8217;est? Le Registre \u00e9lectronique des Arr\u00eats Cardiaques (R\u00e9AC) est un registre d\u2019envergure nationale bas\u00e9 sur le recueil exhaustif des Arr\u00eats Cardiaques pris en charge sur l\u2019ensemble du territoire fran\u00e7ais (m\u00e9tropole et DOM-TOM) gr\u00e2ce \u00e0 la participation volontaire des SAMU\/SMUR. Le R\u00e9AC ne serait donc rien sans l\u2019ensemble des SAMU\/SMUR impliqu\u00e9s dans son [&hellip;]<\/p>\n","protected":false},"author":323,"featured_media":3401,"parent":0,"menu_order":0,"comment_status":"closed","ping_status":"closed","template":"","meta":{"footnotes":""},"_links":{"self":[{"href":"https:\/\/registreac.org\/index.php?rest_route=\/wp\/v2\/pages\/3428"}],"collection":[{"href":"https:\/\/registreac.org\/index.php?rest_route=\/wp\/v2\/pages"}],"about":[{"href":"https:\/\/registreac.org\/index.php?rest_route=\/wp\/v2\/types\/page"}],"author":[{"embeddable":true,"href":"https:\/\/registreac.org\/index.php?rest_route=\/wp\/v2\/users\/323"}],"replies":[{"embeddable":true,"href":"https:\/\/registreac.org\/index.php?rest_route=%2Fwp%2Fv2%2Fcomments&post=3428"}],"version-history":[{"count":33,"href":"https:\/\/registreac.org\/index.php?rest_route=\/wp\/v2\/pages\/3428\/revisions"}],"predecessor-version":[{"id":4430,"href":"https:\/\/registreac.org\/index.php?rest_route=\/wp\/v2\/pages\/3428\/revisions\/4430"}],"wp:featuredmedia":[{"embeddable":true,"href":"https:\/\/registreac.org\/index.php?rest_route=\/wp\/v2\/media\/3401"}],"wp:attachment":[{"href":"https:\/\/registreac.org\/index.php?rest_route=%2Fwp%2Fv2%2Fmedia&parent=3428"}],"curies":[{"name":"wp","href":"https:\/\/api.w.org\/{rel}","templated":true}]}}