{"id":3491,"date":"2016-07-19T15:37:44","date_gmt":"2016-07-19T13:37:44","guid":{"rendered":"http:\/\/registreac.org\/?page_id=3491"},"modified":"2016-07-19T15:41:02","modified_gmt":"2016-07-19T13:41:02","slug":"larret-cardiaque","status":"publish","type":"page","link":"https:\/\/registreac.org\/?page_id=3491","title":{"rendered":"L&#8217;Arr\u00eat Cardiaque"},"content":{"rendered":"<h2>L&#8217;arr\u00eat cardiaque, et comment le reconna\u00eetre<\/h2>\n<p style=\"text-align: justify;\">Afin de comprendre ce qu&#8217;est un arr\u00eat cardiaque, il faut savoir que le c\u0153ur est l&#8217;un des organes les plus important du corps humain. Il permet au sang de circuler \u00e0 travers tout l&#8217;organisme pour alimenter les diff\u00e9rents organes.<\/p>\n<p style=\"text-align: justify;\">Quand le c\u0153ur s&#8217;arr\u00eate, les organes ne re\u00e7oivent plus assez de sang pour fonctionner. Lors d&#8217;un arr\u00eat cardiaque, le cerveau ne recevant plus assez de sang, privil\u00e9gie les fonctions les plus importantes, et donc la personne victime d&#8217;un arr\u00eat cardiaque perd conscience. Ensuite les poumons cessent de fonctionner, et donc la respiration devient imperceptible ou s&#8217;arr\u00eate.<\/p>\n<p>L&#8217;arr\u00eat cardiaque se caract\u00e9rise donc par deux facteurs principaux :<\/p>\n<ul>\n<li>perte de connaissance<\/li>\n<li>respiration anormale<\/li>\n<\/ul>\n<p>Lors de la survenue d&#8217;un arr\u00eat cardiaque, chaque minute compte, et il faut mettre imm\u00e9diatement en place <a href=\"http:\/\/registreac.org\/?page_id=3472\">la cha\u00eene de survie<\/a> car chaque minute qui passe diminue de 10% les chances de survie de la victime.<\/p>\n<p><img decoding=\"async\" loading=\"lazy\" class=\"alignleft size-full wp-image-3451\" src=\"http:\/\/registreac.org\/wp-content\/uploads\/2016\/07\/10min.png\" alt=\"10 min sans massage\" width=\"416\" height=\"122\" srcset=\"https:\/\/registreac.org\/wp-content\/uploads\/2016\/07\/10min.png 416w, https:\/\/registreac.org\/wp-content\/uploads\/2016\/07\/10min-300x88.png 300w\" sizes=\"(max-width: 416px) 100vw, 416px\" \/><\/p>\n","protected":false},"excerpt":{"rendered":"<p>L&#8217;arr\u00eat cardiaque, et comment le reconna\u00eetre Afin de comprendre ce qu&#8217;est un arr\u00eat cardiaque, il faut savoir que le c\u0153ur est l&#8217;un des organes les plus important du corps humain. Il permet au sang de circuler \u00e0 travers tout l&#8217;organisme pour alimenter les diff\u00e9rents organes. Quand le c\u0153ur s&#8217;arr\u00eate, les organes ne re\u00e7oivent plus assez [&hellip;]<\/p>\n","protected":false},"author":323,"featured_media":0,"parent":0,"menu_order":0,"comment_status":"closed","ping_status":"closed","template":"","meta":{"footnotes":""},"_links":{"self":[{"href":"https:\/\/registreac.org\/index.php?rest_route=\/wp\/v2\/pages\/3491"}],"collection":[{"href":"https:\/\/registreac.org\/index.php?rest_route=\/wp\/v2\/pages"}],"about":[{"href":"https:\/\/registreac.org\/index.php?rest_route=\/wp\/v2\/types\/page"}],"author":[{"embeddable":true,"href":"https:\/\/registreac.org\/index.php?rest_route=\/wp\/v2\/users\/323"}],"replies":[{"embeddable":true,"href":"https:\/\/registreac.org\/index.php?rest_route=%2Fwp%2Fv2%2Fcomments&post=3491"}],"version-history":[{"count":3,"href":"https:\/\/registreac.org\/index.php?rest_route=\/wp\/v2\/pages\/3491\/revisions"}],"predecessor-version":[{"id":3495,"href":"https:\/\/registreac.org\/index.php?rest_route=\/wp\/v2\/pages\/3491\/revisions\/3495"}],"wp:attachment":[{"href":"https:\/\/registreac.org\/index.php?rest_route=%2Fwp%2Fv2%2Fmedia&parent=3491"}],"curies":[{"name":"wp","href":"https:\/\/api.w.org\/{rel}","templated":true}]}}