{"id":3650,"date":"2017-02-06T10:36:16","date_gmt":"2017-02-06T09:36:16","guid":{"rendered":"http:\/\/registreac.org\/?page_id=3650"},"modified":"2017-06-06T16:09:13","modified_gmt":"2017-06-06T14:09:13","slug":"nos-actions","status":"publish","type":"page","link":"https:\/\/registreac.org\/?page_id=3650","title":{"rendered":"Nos actions"},"content":{"rendered":"<style>\n#compteur{\n\tdisplay:flex;\n}\n.chiffre {\ntext-align: center;<\/p>\n<p>\tbackground: rgb(254,231,154);\n\tbackground: -moz-linear-gradient(top,  #FF0000 0%, #800000 100%);\n\tbackground: -webkit-linear-gradient(top,  #FF0000 0%,#800000 100%);\n\tbackground: -o-linear-gradient(top,  #FF0000 0%,#800000 100%);\n\tbackground: -ms-linear-gradient(top,  #FF0000 0%,#800000 100%);\n\tbackground: linear-gradient(top,  #FF0000 0%,#800000 100%);\n\tfilter: progid:DXImageTransform.Microsoft.gradient( startColorstr='#fee79a', endColorstr='#fec151',GradientType=0 );\n\t-webkit-border-radius: 10px;\n\t-moz-border-radius: 10px;\n\t-ms-border-radius: 10px;\n\t-o-border-radius: 10px;\n\tborder-radius: 10px;\n\t-webkit-box-shadow: 0 1px 0 rgba(255,255,255,0.8) inset;\n\t-moz-box-shadow: 0 1px 0 rgba(255,255,255,0.8) inset;\n\t-ms-box-shadow: 0 1px 0 rgba(255,255,255,0.8) inset;\n\t-o-box-shadow: 0 1px 0 rgba(255,255,255,0.8) inset;\n\tbox-shadow: 0 1px 0 rgba(255,255,255,0.8) inset;\n\t\/*border: 1px solid #800000;*\/\n\tcolor: #ffffff;\n\tcursor: pointer;\n\tfloat: left;\n\tfont: bold 3em Helvetica, Arial, sans-serif;\n\theight: 50px;\n\tmargin: 10px 0 25px 2px;\n\tposition: relative;\n\ttext-shadow: 0 1px 0 rgba(255,255,255,0.5);\n\twidth: 30px;\n}\n.compteur_intitule{\n\ttext-align: center;<\/p>\n<p>\tcursor: pointer;\n\tfloat: left;\n\tfont: bold 3em Helvetica, Arial, sans-serif;\n\theight: 50px;\n\tmargin: 10px 0 25px 2px;\n\tposition: relative;\n\ttext-shadow: 0 1px 0 rgba(255,255,255,0.5);\n\twidth: 330px;\n}\n<\/style>\n<p><img decoding=\"async\" loading=\"lazy\" src=\"http:\/\/registreac.org\/wp-content\/uploads\/2017\/02\/jepac.png\" alt=\"J\u00e9PAC\" width=\"281\" height=\"90\" class=\"alignnone size-full wp-image-3670\" \/><br \/>\nR\u00e9AC, par le biais de J\u00e9PAC (Journ\u00e9e d&#8217;\u00e9ducation et de Pr\u00e9vention de l&#8217;Arr\u00eat Cardiaque) forme des adultes, et des enfants aux gestes qui sauvent. Mais en plus de former directement des enfants, R\u00e9AC en partenariat avec la <b>FFC<\/b>, <b>l&#8217;\u00e9ducation nationale<\/b>, et l&#8217;<b>ILIS<\/b> fait de la formation de formateurs en apprenant les gestes qui sauvent \u00e0 des enseignants d&#8217;\u00e9coles primaires qui peuvent donc \u00e0 leur tour former leurs \u00e9l\u00e8ves.<\/p>\n<p>De ce fait, de tr\u00e8s nombreux enfants pourront \u00eatre form\u00e9s gr\u00e2ce \u00e0 nos actions.<br \/>\n<a target=\"_blank\" href=\"http:\/\/www.education.gouv.fr\/\"><img decoding=\"async\" loading=\"lazy\" src=\"http:\/\/registreac.org\/wp-content\/uploads\/2017\/02\/education_nationale_400x121.jpg\" alt=\"\u00c9ducation Nationale\" width=\"400\" height=\"121\" class=\"alignnone size-full wp-image-3664\" srcset=\"https:\/\/registreac.org\/wp-content\/uploads\/2017\/02\/education_nationale_400x121.jpg 400w, https:\/\/registreac.org\/wp-content\/uploads\/2017\/02\/education_nationale_400x121-300x91.jpg 300w\" sizes=\"(max-width: 400px) 100vw, 400px\" \/><\/a><a target=\"_blank\" href=\"https:\/\/www.fedecardio.org\/\"><img decoding=\"async\" loading=\"lazy\" src=\"http:\/\/registreac.org\/wp-content\/uploads\/2017\/02\/FFC_213x123-1.png\" alt=\"F\u00e9d\u00e9ration Fran\u00e7aise de Cardiologie\" width=\"213\" height=\"123\" class=\"alignnone size-full wp-image-3659\" \/><\/a><a target=\"_blank\" href=\"ilis.univ-lille2.fr\/\"><img decoding=\"async\" loading=\"lazy\"  src=\"http:\/\/registreac.org\/wp-content\/uploads\/2016\/02\/LogoILIS.png\" alt=\"\" width=\"81\" height=\"120\" class=\"alignnone size-full wp-image-3165\" srcset=\"https:\/\/registreac.org\/wp-content\/uploads\/2016\/02\/LogoILIS.png 81w, https:\/\/registreac.org\/wp-content\/uploads\/2016\/02\/LogoILIS-47x70.png 47w\" sizes=\"(max-width: 81px) 100vw, 81px\" \/><\/a><br \/>\n<br \/>Depuis 2016 :<br \/>\n<iframe loading=\"lazy\" style=\"border: 0;\" src=\"https:\/\/reac.univ-lille2.fr\/saisie\/formation\/appel_webservice_jepac.php\" width=\"100%\" height=\"650em\"><\/iframe><\/p>\n","protected":false},"excerpt":{"rendered":"<p>R\u00e9AC, par le biais de J\u00e9PAC (Journ\u00e9e d&#8217;\u00e9ducation et de Pr\u00e9vention de l&#8217;Arr\u00eat Cardiaque) forme des adultes, et des enfants aux gestes qui sauvent. Mais en plus de former directement des enfants, R\u00e9AC en partenariat avec la FFC, l&#8217;\u00e9ducation nationale, et l&#8217;ILIS fait de la formation de formateurs en apprenant les gestes qui sauvent \u00e0 [&hellip;]<\/p>\n","protected":false},"author":323,"featured_media":3670,"parent":0,"menu_order":0,"comment_status":"closed","ping_status":"closed","template":"","meta":{"footnotes":""},"_links":{"self":[{"href":"https:\/\/registreac.org\/index.php?rest_route=\/wp\/v2\/pages\/3650"}],"collection":[{"href":"https:\/\/registreac.org\/index.php?rest_route=\/wp\/v2\/pages"}],"about":[{"href":"https:\/\/registreac.org\/index.php?rest_route=\/wp\/v2\/types\/page"}],"author":[{"embeddable":true,"href":"https:\/\/registreac.org\/index.php?rest_route=\/wp\/v2\/users\/323"}],"replies":[{"embeddable":true,"href":"https:\/\/registreac.org\/index.php?rest_route=%2Fwp%2Fv2%2Fcomments&post=3650"}],"version-history":[{"count":17,"href":"https:\/\/registreac.org\/index.php?rest_route=\/wp\/v2\/pages\/3650\/revisions"}],"predecessor-version":[{"id":3821,"href":"https:\/\/registreac.org\/index.php?rest_route=\/wp\/v2\/pages\/3650\/revisions\/3821"}],"wp:featuredmedia":[{"embeddable":true,"href":"https:\/\/registreac.org\/index.php?rest_route=\/wp\/v2\/media\/3670"}],"wp:attachment":[{"href":"https:\/\/registreac.org\/index.php?rest_route=%2Fwp%2Fv2%2Fmedia&parent=3650"}],"curies":[{"name":"wp","href":"https:\/\/api.w.org\/{rel}","templated":true}]}}