{"id":3775,"date":"2017-05-19T08:56:41","date_gmt":"2017-05-19T06:56:41","guid":{"rendered":"http:\/\/registreac.org\/?page_id=3775"},"modified":"2017-05-19T09:01:01","modified_gmt":"2017-05-19T07:01:01","slug":"eureca","status":"publish","type":"page","link":"https:\/\/registreac.org\/?page_id=3775","title":{"rendered":"EuReCa"},"content":{"rendered":"<p>Prochainement, retrouvez ici les derni\u00e8res informations sur EuReCA, le registre Europ\u00e9en de l&#8217;Arr\u00eat Cardiaque.<br \/>\n<br \/>\n<a href=\"https:\/\/www.eureca-one.eu\/\" target=\"_blank\"><img decoding=\"async\" loading=\"lazy\" src=\"http:\/\/registreac.org\/wp-content\/uploads\/2017\/05\/eureca-two.png\" alt=\"\" width=\"327\" height=\"90\" class=\"alignnone size-full wp-image-3779\" srcset=\"https:\/\/registreac.org\/wp-content\/uploads\/2017\/05\/eureca-two.png 327w, https:\/\/registreac.org\/wp-content\/uploads\/2017\/05\/eureca-two-300x83.png 300w\" sizes=\"(max-width: 327px) 100vw, 327px\" \/><\/a><br \/><\/p>\n","protected":false},"excerpt":{"rendered":"<p>Prochainement, retrouvez ici les derni\u00e8res informations sur EuReCA, le registre Europ\u00e9en de l&#8217;Arr\u00eat Cardiaque.<\/p>\n","protected":false},"author":323,"featured_media":3779,"parent":0,"menu_order":0,"comment_status":"closed","ping_status":"closed","template":"","meta":{"footnotes":""},"_links":{"self":[{"href":"https:\/\/registreac.org\/index.php?rest_route=\/wp\/v2\/pages\/3775"}],"collection":[{"href":"https:\/\/registreac.org\/index.php?rest_route=\/wp\/v2\/pages"}],"about":[{"href":"https:\/\/registreac.org\/index.php?rest_route=\/wp\/v2\/types\/page"}],"author":[{"embeddable":true,"href":"https:\/\/registreac.org\/index.php?rest_route=\/wp\/v2\/users\/323"}],"replies":[{"embeddable":true,"href":"https:\/\/registreac.org\/index.php?rest_route=%2Fwp%2Fv2%2Fcomments&post=3775"}],"version-history":[{"count":5,"href":"https:\/\/registreac.org\/index.php?rest_route=\/wp\/v2\/pages\/3775\/revisions"}],"predecessor-version":[{"id":3783,"href":"https:\/\/registreac.org\/index.php?rest_route=\/wp\/v2\/pages\/3775\/revisions\/3783"}],"wp:featuredmedia":[{"embeddable":true,"href":"https:\/\/registreac.org\/index.php?rest_route=\/wp\/v2\/media\/3779"}],"wp:attachment":[{"href":"https:\/\/registreac.org\/index.php?rest_route=%2Fwp%2Fv2%2Fmedia&parent=3775"}],"curies":[{"name":"wp","href":"https:\/\/api.w.org\/{rel}","templated":true}]}}