{"id":4418,"date":"2025-06-24T11:37:46","date_gmt":"2025-06-24T09:37:46","guid":{"rendered":"https:\/\/registreac.org\/?page_id=4418"},"modified":"2025-06-24T11:51:06","modified_gmt":"2025-06-24T09:51:06","slug":"etat-de-larret-cardiaque-en-france","status":"publish","type":"page","link":"https:\/\/registreac.org\/?page_id=4418","title":{"rendered":"\u00c9tat de l&#8217;Arr\u00eat Cardiaque en France"},"content":{"rendered":"\n<p>Retrouvez ci-dessous les derniers rapports R\u00e9AC pour la DGS qui d\u00e9crivent l&#8217;\u00e9tat de l&#8217;Arr\u00eat Cardiaque en France.<\/p>\n<p><img decoding=\"async\" loading=\"lazy\" class=\"alignnone wp-image-4397 size-full\" src=\"https:\/\/registreac.org\/wp-content\/uploads\/2025\/06\/Logo_DGS.png\" alt=\"Direction g\u00e9n\u00e9rale de la Sant\u00e9\" width=\"348\" height=\"145\" srcset=\"https:\/\/registreac.org\/wp-content\/uploads\/2025\/06\/Logo_DGS.png 348w, https:\/\/registreac.org\/wp-content\/uploads\/2025\/06\/Logo_DGS-300x125.png 300w\" sizes=\"(max-width: 348px) 100vw, 348px\" \/><\/p>\n<p><a href=\"https:\/\/registreac.org\/wp-content\/uploads\/2025\/06\/RapportDGS2025sur2024.pdf\" target=\"_blank\" rel=\"noopener\" data-wplink-edit=\"true\">Rapport pour la DGS en 2025 (sur donn\u00e9es 2024)<\/a><\/p>\n<p><a href=\"https:\/\/registreac.org\/wp-content\/uploads\/2025\/06\/RapportDGS2023sur2022.pdf\" target=\"_blank\" rel=\"noopener\">Rapport pour la DGS en 2023 (sur donn\u00e9es 2022)<\/a><\/p>\n<p>\u00a0<\/p>\n","protected":false},"excerpt":{"rendered":"<p>Retrouvez ci-dessous les derniers rapports R\u00e9AC pour la DGS qui d\u00e9crivent l&#8217;\u00e9tat de l&#8217;Arr\u00eat Cardiaque en France. Rapport pour la DGS en 2025 (sur donn\u00e9es 2024) Rapport pour la DGS en 2023 (sur donn\u00e9es 2022) \u00a0<\/p>\n","protected":false},"author":323,"featured_media":4397,"parent":0,"menu_order":0,"comment_status":"closed","ping_status":"closed","template":"","meta":{"footnotes":""},"_links":{"self":[{"href":"https:\/\/registreac.org\/index.php?rest_route=\/wp\/v2\/pages\/4418"}],"collection":[{"href":"https:\/\/registreac.org\/index.php?rest_route=\/wp\/v2\/pages"}],"about":[{"href":"https:\/\/registreac.org\/index.php?rest_route=\/wp\/v2\/types\/page"}],"author":[{"embeddable":true,"href":"https:\/\/registreac.org\/index.php?rest_route=\/wp\/v2\/users\/323"}],"replies":[{"embeddable":true,"href":"https:\/\/registreac.org\/index.php?rest_route=%2Fwp%2Fv2%2Fcomments&post=4418"}],"version-history":[{"count":4,"href":"https:\/\/registreac.org\/index.php?rest_route=\/wp\/v2\/pages\/4418\/revisions"}],"predecessor-version":[{"id":4428,"href":"https:\/\/registreac.org\/index.php?rest_route=\/wp\/v2\/pages\/4418\/revisions\/4428"}],"wp:featuredmedia":[{"embeddable":true,"href":"https:\/\/registreac.org\/index.php?rest_route=\/wp\/v2\/media\/4397"}],"wp:attachment":[{"href":"https:\/\/registreac.org\/index.php?rest_route=%2Fwp%2Fv2%2Fmedia&parent=4418"}],"curies":[{"name":"wp","href":"https:\/\/api.w.org\/{rel}","templated":true}]}}